{"id":3678,"date":"2026-04-07T13:57:40","date_gmt":"2026-04-07T11:57:40","guid":{"rendered":"https:\/\/homeopathiepascaldumas.com\/accueil-nouveau\/?post_type=product&#038;p=3678"},"modified":"2026-04-07T14:14:46","modified_gmt":"2026-04-07T12:14:46","slug":"pack-webinaire-homeopathie-ontologique-1-livre-homeopathie-ontologique-lechelle-de-jacob-incarnee","status":"publish","type":"product","link":"https:\/\/homeopathiepascaldumas.com\/accueil-nouveau\/produit\/pack-webinaire-homeopathie-ontologique-1-livre-homeopathie-ontologique-lechelle-de-jacob-incarnee\/","title":{"rendered":"Pack Webinaire Hom\u00e9opathie Ontologique 1 + Livre Hom\u00e9opathie Ontologique &#8211; L&#8217;\u00e9chelle de Jacob incarn\u00e9e"},"content":{"rendered":"<p data-start=\"499\" data-end=\"589\">Acc\u00e9dez au replay du webinaire ainsi qu\u2019au livre Hom\u00e9Onto d\u00e9di\u00e9 \u00e0 la colonne vert\u00e9brale.<\/p>\n<p data-start=\"596\" data-end=\"722\">Une approche compl\u00e8te et compl\u00e9mentaire pour approfondir votre compr\u00e9hension et votre pratique de l\u2019hom\u00e9opathie ontologique.<\/p>\n<p data-start=\"729\" data-end=\"794\">Replay du webinaire<br data-start=\"751\" data-end=\"754\" \/>Livre Hom\u00e9Onto Colonne Vert\u00e9brale<\/p>\n<p data-start=\"801\" data-end=\"879\">Acc\u00e8s imm\u00e9diat au replay apr\u00e8s achat.<br data-start=\"838\" data-end=\"841\" \/>Le livre vous sera livr\u00e9 s\u00e9par\u00e9ment.<\/p>\n","protected":false},"excerpt":{"rendered":"<p>Acc\u00e9dez au replay du webinaire ainsi qu\u2019au livre Hom\u00e9Onto d\u00e9di\u00e9 \u00e0 la colonne vert\u00e9brale. Une approche compl\u00e8te et compl\u00e9mentaire pour approfondir votre compr\u00e9hension et votre pratique de l\u2019hom\u00e9opathie ontologique. Replay du webinaireLivre Hom\u00e9Onto Colonne&#46;&#46;&#46;<\/p>\n","protected":false},"featured_media":3677,"comment_status":"open","ping_status":"closed","template":"elementor_header_footer","meta":[],"product_brand":[],"product_cat":[52,49,53,50],"product_tag":[],"class_list":{"0":"post-3678","1":"product","2":"type-product","3":"status-publish","4":"has-post-thumbnail","6":"product_cat-homeopathie-ontologique","7":"product_cat-livres-pascal-dumas","8":"product_cat-pack","9":"product_cat-webinaires","11":"first","12":"instock","13":"sale","14":"featured","15":"shipping-taxable","16":"purchasable","17":"product-type-simple"},"jetpack_sharing_enabled":true,"_links":{"self":[{"href":"https:\/\/homeopathiepascaldumas.com\/accueil-nouveau\/wp-json\/wp\/v2\/product\/3678","targetHints":{"allow":["GET"]}}],"collection":[{"href":"https:\/\/homeopathiepascaldumas.com\/accueil-nouveau\/wp-json\/wp\/v2\/product"}],"about":[{"href":"https:\/\/homeopathiepascaldumas.com\/accueil-nouveau\/wp-json\/wp\/v2\/types\/product"}],"replies":[{"embeddable":true,"href":"https:\/\/homeopathiepascaldumas.com\/accueil-nouveau\/wp-json\/wp\/v2\/comments?post=3678"}],"version-history":[{"count":4,"href":"https:\/\/homeopathiepascaldumas.com\/accueil-nouveau\/wp-json\/wp\/v2\/product\/3678\/revisions"}],"predecessor-version":[{"id":3684,"href":"https:\/\/homeopathiepascaldumas.com\/accueil-nouveau\/wp-json\/wp\/v2\/product\/3678\/revisions\/3684"}],"wp:featuredmedia":[{"embeddable":true,"href":"https:\/\/homeopathiepascaldumas.com\/accueil-nouveau\/wp-json\/wp\/v2\/media\/3677"}],"wp:attachment":[{"href":"https:\/\/homeopathiepascaldumas.com\/accueil-nouveau\/wp-json\/wp\/v2\/media?parent=3678"}],"wp:term":[{"taxonomy":"product_brand","embeddable":true,"href":"https:\/\/homeopathiepascaldumas.com\/accueil-nouveau\/wp-json\/wp\/v2\/product_brand?post=3678"},{"taxonomy":"product_cat","embeddable":true,"href":"https:\/\/homeopathiepascaldumas.com\/accueil-nouveau\/wp-json\/wp\/v2\/product_cat?post=3678"},{"taxonomy":"product_tag","embeddable":true,"href":"https:\/\/homeopathiepascaldumas.com\/accueil-nouveau\/wp-json\/wp\/v2\/product_tag?post=3678"}],"curies":[{"name":"wp","href":"https:\/\/api.w.org\/{rel}","templated":true}]}}