{"id":3672,"date":"2026-04-07T12:53:12","date_gmt":"2026-04-07T10:53:12","guid":{"rendered":"https:\/\/homeopathiepascaldumas.com\/accueil-nouveau\/?post_type=product&#038;p=3672"},"modified":"2026-04-07T13:13:12","modified_gmt":"2026-04-07T11:13:12","slug":"homeopathie-ontologique-lechelle-de-jacob-incarnee","status":"publish","type":"product","link":"https:\/\/homeopathiepascaldumas.com\/accueil-nouveau\/produit\/homeopathie-ontologique-lechelle-de-jacob-incarnee\/","title":{"rendered":"Hom\u00e9opathie Ontologique &#8211; L&#8217;\u00e9chelle de Jacob incarn\u00e9e"},"content":{"rendered":"<p><strong>Votre colonne vert\u00e9brale raconte votre histoire.<\/strong><\/p>\n<p>Une exploration unique des liens entre vert\u00e8bres, \u00e9motions et rem\u00e8des hom\u00e9opathiques. <\/p>\n<p>Chaque \u00e9tage vert\u00e9bral porte une signification profonde \u2014 apprenez \u00e0 la d\u00e9coder.<\/p>\n","protected":false},"excerpt":{"rendered":"<p>Votre colonne vert\u00e9brale raconte votre histoire. Une exploration unique des liens entre vert\u00e8bres, \u00e9motions et rem\u00e8des hom\u00e9opathiques. Chaque \u00e9tage vert\u00e9bral porte une signification profonde \u2014 apprenez \u00e0 la d\u00e9coder.<\/p>\n","protected":false},"featured_media":3629,"comment_status":"open","ping_status":"closed","template":"","meta":[],"product_brand":[],"product_cat":[52,49],"product_tag":[],"class_list":{"0":"post-3672","1":"product","2":"type-product","3":"status-publish","4":"has-post-thumbnail","6":"product_cat-homeopathie-ontologique","7":"product_cat-livres-pascal-dumas","9":"first","10":"instock","11":"virtual","12":"purchasable","13":"product-type-simple"},"jetpack_sharing_enabled":true,"_links":{"self":[{"href":"https:\/\/homeopathiepascaldumas.com\/accueil-nouveau\/wp-json\/wp\/v2\/product\/3672","targetHints":{"allow":["GET"]}}],"collection":[{"href":"https:\/\/homeopathiepascaldumas.com\/accueil-nouveau\/wp-json\/wp\/v2\/product"}],"about":[{"href":"https:\/\/homeopathiepascaldumas.com\/accueil-nouveau\/wp-json\/wp\/v2\/types\/product"}],"replies":[{"embeddable":true,"href":"https:\/\/homeopathiepascaldumas.com\/accueil-nouveau\/wp-json\/wp\/v2\/comments?post=3672"}],"version-history":[{"count":1,"href":"https:\/\/homeopathiepascaldumas.com\/accueil-nouveau\/wp-json\/wp\/v2\/product\/3672\/revisions"}],"predecessor-version":[{"id":3673,"href":"https:\/\/homeopathiepascaldumas.com\/accueil-nouveau\/wp-json\/wp\/v2\/product\/3672\/revisions\/3673"}],"wp:featuredmedia":[{"embeddable":true,"href":"https:\/\/homeopathiepascaldumas.com\/accueil-nouveau\/wp-json\/wp\/v2\/media\/3629"}],"wp:attachment":[{"href":"https:\/\/homeopathiepascaldumas.com\/accueil-nouveau\/wp-json\/wp\/v2\/media?parent=3672"}],"wp:term":[{"taxonomy":"product_brand","embeddable":true,"href":"https:\/\/homeopathiepascaldumas.com\/accueil-nouveau\/wp-json\/wp\/v2\/product_brand?post=3672"},{"taxonomy":"product_cat","embeddable":true,"href":"https:\/\/homeopathiepascaldumas.com\/accueil-nouveau\/wp-json\/wp\/v2\/product_cat?post=3672"},{"taxonomy":"product_tag","embeddable":true,"href":"https:\/\/homeopathiepascaldumas.com\/accueil-nouveau\/wp-json\/wp\/v2\/product_tag?post=3672"}],"curies":[{"name":"wp","href":"https:\/\/api.w.org\/{rel}","templated":true}]}}