{"id":3667,"date":"2026-04-07T11:53:50","date_gmt":"2026-04-07T09:53:50","guid":{"rendered":"https:\/\/homeopathiepascaldumas.com\/accueil-nouveau\/?post_type=product&#038;p=3667"},"modified":"2026-04-07T13:37:57","modified_gmt":"2026-04-07T11:37:57","slug":"replay-webinaire-homeopathie-ontologique-1","status":"publish","type":"product","link":"https:\/\/homeopathiepascaldumas.com\/accueil-nouveau\/produit\/replay-webinaire-homeopathie-ontologique-1\/","title":{"rendered":"Replay Webinaire Hom\u00e9opathie Ontologique 1"},"content":{"rendered":"<p>D\u00e9couvrez les fondements de l\u2019hom\u00e9opathie ontologique \u00e0 travers ce webinaire complet.<\/p>\n<p>Une approche profonde et structur\u00e9e pour comprendre les dynamiques essentielles en hom\u00e9opathie uniciste.<\/p>\n<p>Vous y d\u00e9couvrirez notamment l\u2019application de l\u2019arbre des S\u00e9phiroth \u00e0 l\u2019hom\u00e9opathie, un concept original d\u00e9velopp\u00e9 et d\u00e9pos\u00e9 par Pascal Dumas, et pr\u00e9sent\u00e9 ici pour la premi\u00e8re fois dans une application concr\u00e8te en pratique hom\u00e9opathique.<\/p>\n<p>Cette approche innovante permet une lecture pr\u00e9dictive des r\u00e9actions attendues suite \u00e0 la prise du rem\u00e8de hom\u00e9opathique, ouvrant ainsi de nouvelles perspectives dans la compr\u00e9hension et la pratique clinique.<\/p>\n<p>Une avanc\u00e9e in\u00e9dite, issue d\u2019un travail personnel, allant au-del\u00e0 des approches th\u00e9oriques habituellement limit\u00e9es au champ psychologique.<\/p>\n","protected":false},"excerpt":{"rendered":"<p>Acc\u00e9dez au replay complet du webinaire sur l\u2019hom\u00e9opathie ontologique.<\/p>\n<p>Visionnage imm\u00e9diat apr\u00e8s achat.<\/p>\n<p>D\u00e9couvrez une approche innovante d\u00e9velopp\u00e9e par Pascal Dumas, offrant une lecture pr\u00e9dictive des r\u00e9actions aux rem\u00e8des, aussi bien pour les professionnels que pour les patients.<\/p>\n","protected":false},"featured_media":3676,"comment_status":"open","ping_status":"closed","template":"","meta":[],"product_brand":[],"product_cat":[51,50],"product_tag":[],"class_list":{"0":"post-3667","1":"product","2":"type-product","3":"status-publish","4":"has-post-thumbnail","6":"product_cat-formation-homeopathie-ontologique","7":"product_cat-webinaires","9":"first","10":"instock","11":"virtual","12":"purchasable","13":"product-type-simple"},"jetpack_sharing_enabled":true,"_links":{"self":[{"href":"https:\/\/homeopathiepascaldumas.com\/accueil-nouveau\/wp-json\/wp\/v2\/product\/3667","targetHints":{"allow":["GET"]}}],"collection":[{"href":"https:\/\/homeopathiepascaldumas.com\/accueil-nouveau\/wp-json\/wp\/v2\/product"}],"about":[{"href":"https:\/\/homeopathiepascaldumas.com\/accueil-nouveau\/wp-json\/wp\/v2\/types\/product"}],"replies":[{"embeddable":true,"href":"https:\/\/homeopathiepascaldumas.com\/accueil-nouveau\/wp-json\/wp\/v2\/comments?post=3667"}],"version-history":[{"count":2,"href":"https:\/\/homeopathiepascaldumas.com\/accueil-nouveau\/wp-json\/wp\/v2\/product\/3667\/revisions"}],"predecessor-version":[{"id":3669,"href":"https:\/\/homeopathiepascaldumas.com\/accueil-nouveau\/wp-json\/wp\/v2\/product\/3667\/revisions\/3669"}],"wp:featuredmedia":[{"embeddable":true,"href":"https:\/\/homeopathiepascaldumas.com\/accueil-nouveau\/wp-json\/wp\/v2\/media\/3676"}],"wp:attachment":[{"href":"https:\/\/homeopathiepascaldumas.com\/accueil-nouveau\/wp-json\/wp\/v2\/media?parent=3667"}],"wp:term":[{"taxonomy":"product_brand","embeddable":true,"href":"https:\/\/homeopathiepascaldumas.com\/accueil-nouveau\/wp-json\/wp\/v2\/product_brand?post=3667"},{"taxonomy":"product_cat","embeddable":true,"href":"https:\/\/homeopathiepascaldumas.com\/accueil-nouveau\/wp-json\/wp\/v2\/product_cat?post=3667"},{"taxonomy":"product_tag","embeddable":true,"href":"https:\/\/homeopathiepascaldumas.com\/accueil-nouveau\/wp-json\/wp\/v2\/product_tag?post=3667"}],"curies":[{"name":"wp","href":"https:\/\/api.w.org\/{rel}","templated":true}]}}