{"id":91,"date":"2023-03-07T20:26:37","date_gmt":"2023-03-07T20:26:37","guid":{"rendered":"https:\/\/www.homeopathiepascaldumas.com\/?page_id=91"},"modified":"2023-03-07T20:26:37","modified_gmt":"2023-03-07T20:26:37","slug":"lhomeopathie-uniciste-dans-des-cas-osteopathiques","status":"publish","type":"page","link":"https:\/\/homeopathiepascaldumas.com\/accueil-nouveau\/lhomeopathie-uniciste-dans-des-cas-osteopathiques\/","title":{"rendered":"L&#8217;Hom\u00e9opathie Uniciste dans des cas &#8220;ost\u00e9opathiques&#8221;"},"content":{"rendered":"\n<p>Vous le savez certainement mais l&#8217;Hom\u00e9opathie Uniciste (la branche originelle de l&#8217;hom\u00e9opathie o\u00f9 le praticien ne donne qu&#8217;un seul m\u00e9dicament hom\u00e9opathique &#8211; lequel doit correspondre aux maux physique du consultant mais aussi s&#8217;accorder \u00e0 son psychisme) est une m\u00e9decine \u00e9nerg\u00e9tique.<\/p>\n\n\n\n<p><\/p>\n\n\n\n<p>Et de ce constat, il n&#8217;y a qu&#8217;un pas \u00e0 franchir pour comprendre l&#8217;association possible entre l&#8217;Ost\u00e9opathie qui elle aussi a une pratique \u00e9nerg\u00e9tique. <\/p>\n\n\n\n<p>Les deux actions vont pouvoir entrer en synergie pour un r\u00e9sultat encore plus probant ou pour lever des blocages \u00e9nerg\u00e9tiques et permettre que les corrections qui &#8220;sautaient&#8221; \u00e0 r\u00e9p\u00e9tition, puissent rest\u00e9es correctives.<\/p>\n\n\n\n<p><\/p>\n\n\n\n<p>Pour argumenter mon propos, je me propose de vous pr\u00e9senter des cas rapides de ce que l&#8217;Hom\u00e9opathie Uniciste peut apporter. <\/p>\n\n\n\n<p><\/p>\n\n\n\n<p>1  Le premier cas est le cas d&#8217;une douleur du coccyx chez une jeune fille de 14 ans, vue en f\u00e9vrier 2019.<\/p>\n\n\n\n<figure class=\"wp-block-image size-large\"><img decoding=\"async\" src=\"https:\/\/www.homeopathiepascaldumas.com\/wp-content\/uploads\/2023\/01\/douleur-coccyx.jpg\" alt=\"\" class=\"wp-image-2362\"\/><\/figure>\n\n\n\n<p>Sa m\u00e8re me l&#8217;avait amen\u00e9e car la petite ne supportait plus de rester assise longtemps et probl\u00e8me, toute la famille partait pour des vacances au Br\u00e9sil, 3 ou 4 jours plus tard&#8230;Vous voyez le truc&#8230;<\/p>\n\n\n\n<p>La douleur \u00e9tait survenue suite \u00e0 une chute sur une plaque de verglas.<\/p>\n\n\n\n<p>La douleur \u00e9tait lancinante ponctuelle.<\/p>\n\n\n\n<p>Elle ressentait la douleur de mani\u00e8re aggrav\u00e9e quand elle restait assise longtemps, sous forme d&#8217;\u00e9lancements et quand elle se relevait de la position assise.<\/p>\n\n\n\n<p>Je r\u00e9pertorise ainsi pour d\u00e9couvrir les possibilit\u00e9s de m\u00e9dicaments hom\u00e9opathiques : <\/p>\n\n\n\n<figure class=\"wp-block-image size-large is-resized\"><img fetchpriority=\"high\" decoding=\"async\" src=\"https:\/\/www.homeopathiepascaldumas.com\/wp-content\/uploads\/2023\/01\/Rep_Coccyx_Vic-450x99.jpg\" alt=\"\" class=\"wp-image-2357\" width=\"648\" height=\"143\"\/><\/figure>\n\n\n\n<p>On voit donc que l&#8217;on a 2 possibilit\u00e9s : <\/p>\n\n\n\n<p>Lach ou Lachesis un m\u00e9dicament hom\u00e9opathique provenant d&#8217;un venin de serpent<\/p>\n\n\n\n<p>Kali-bi ou Kalium bichromicum, un m\u00e9dicament min\u00e9ral.<\/p>\n\n\n\n<p>Il va donc falloir les d\u00e9partager ou les diff\u00e9rencier en language hom\u00e9opathique.<\/p>\n\n\n\n<p><\/p>\n\n\n\n<p>Comment faire ? <\/p>\n\n\n\n<p>Il faut alors faire une \u00e9tude de ce que l&#8217;on nomme la Mati\u00e8re M\u00e9dicale Hom\u00e9opathique, qui sont diff\u00e9rents livres, souvent en anglais, comportant les sympt\u00f4mes (physiques, \u00e9motionnels, mentaux, les r\u00eaves&#8230;) de chaque m\u00e9dicament hom\u00e9opathique depuis environ 200 ans.<\/p>\n\n\n\n<p><\/p>\n\n\n\n<p>Je prendrai donc ici la Mati\u00e8re M\u00e9dicale du Docteur Constantin Hering (10 volumes) pour ces 2 rem\u00e8des.<\/p>\n\n\n\n<p><\/p>\n\n\n\n<p>Concernant Lachesis, voici ce qu&#8217;il y a dans la Dans la section &#8220;Neck and Back&#8221; ou Nuque et Dos<\/p>\n\n\n\n<p>Continual pain in sacrum and coccyx. (Douleur continue dans le sacrum et le coccyx)<\/p>\n\n\n\n<p>Pain in os coccygis, when sitting down, feeling as if sitting on something sharp. (Douleur dans le coccyx quand il s&#8217;assoit, sentant comme si assis sur quelque chose de pointu.)<\/p>\n\n\n\n<p>Continual pain in os sacrum and coccyx; drawing pain, as if sprained, in small of back, preventing motion; agonizing pain when rising from a seat. Coccygodynia. (Douleur dans le sacrum et le coccyx, avec une douleur tiraillante, comme si cela s&#8217;\u00e9tendait au niveau des lombaires, emp\u00eachant tout mouvement, douleur terrible quand il se l\u00e8ve d&#8217;un si\u00e8ge. Coccycodynie.)<\/p>\n\n\n\n<p><\/p>\n\n\n\n<p><\/p>\n\n\n\n<p>Pour Kali-bi, voici ce qui est donn\u00e9 : <\/p>\n\n\n\n<p>Dans la section &#8220;Neck and Back&#8221; ou Nuque et Dos<\/p>\n\n\n\n<p>Il y a <\/p>\n\n\n\n<p>Pains in os coccygis, agg. from walking, or touch, and after rising after long sitting.<\/p>\n\n\n\n<p>(Douleur dans le coccyx, aggrav\u00e9 en marchant ou au toucher, et en se relevant apr\u00e8s \u00eatre rest\u00e9 assis longtemps.)<\/p>\n\n\n\n<p>Pain in coccyx, while sitting. (Douleur dans la coccyx, pendant qu&#8217;il est assis.)<\/p>\n\n\n\n<p><\/p>\n\n\n\n<p>Comme vous le voyez le rem\u00e8de qui ressemble le plus au type de douleur et aux modalit\u00e9s qui sont \u00e9nonc\u00e9es par la jeune patiente est Kalium bichromicum. <\/p>\n\n\n\n<p>C&#8217;est donc celui-ci que j&#8217;ai donn\u00e9. <\/p>\n\n\n\n<p>J&#8217;ai re\u00e7u quelque temps plus tard un message de la maman, me signifiant que la petite avait pu faire l&#8217;aller retour Nice &#8211; Paris &#8211; Rio sans aucune douleur. <\/p>\n\n\n\n<p><\/p>\n\n\n\n<p>2\u00e8me cas <\/p>\n\n\n\n<figure class=\"wp-block-image size-large\"><img decoding=\"async\" src=\"https:\/\/www.homeopathiepascaldumas.com\/wp-content\/uploads\/2023\/01\/epine-lenoir.jpg\" alt=\"\" class=\"wp-image-2363\"\/><\/figure>\n\n\n\n<p>Ce cas est plus r\u00e9cent car il concerne une patiente venue me voir le 6 janvier 2023 pour une douleur d&#8217;\u00e9pine calcan\u00e9enne au niveau du talon gauche.<\/p>\n\n\n\n<p>Comme vous le savez toutes et tous, cette douleur est exquise !<\/p>\n\n\n\n<p>La douleur est aggrav\u00e9e en marchant et au toucher. La douleur s&#8217;\u00e9tend du talon jusqu&#8217;\u00e0 la cheville.<\/p>\n\n\n\n<p>De mani\u00e8re plus chronique, elle ressent une pesanteur douloureuse qui lui bloque les deux \u00e9paules, ainsi qu&#8217;une douleur de la r\u00e9gion cervicale.<\/p>\n\n\n\n<p>Je fais donc une r\u00e9pertorisation dans mon logiciel hom\u00e9opathique indien.<\/p>\n\n\n\n<figure class=\"wp-block-image size-large is-resized\"><img decoding=\"async\" src=\"https:\/\/www.homeopathiepascaldumas.com\/wp-content\/uploads\/2023\/01\/Rep_EpineCalcanenne-450x256.jpg\" alt=\"\" class=\"wp-image-2360\" width=\"691\" height=\"393\"\/><\/figure>\n\n\n\n<p>Comme vous pouvez le voir, seul le rem\u00e8de Arsenicum album comporte la modalit\u00e9 d&#8217;extension de la douleur du talon vers la cheville.<\/p>\n\n\n\n<p>Je lui redonne donc Arsenicum album, sachant que je lui avait d\u00e9j\u00e0 donn\u00e9 pour des migraines chroniques, qui ne sont pas r\u00e9apparues depuis 1 mois sous ce rem\u00e8de.<\/p>\n\n\n\n<p>Elle dit aussi qu&#8217;elle ressent une douleur sur le dos du pied mais ne sait la qualifier, en terme de type de douleur.<\/p>\n\n\n\n<p><\/p>\n\n\n\n<p>Je la revois la semaine suivante et l\u00e0, elle me dit qu&#8217;elle n&#8217;a pas eu mal au talon mais que la douleur sur le dos du pied a augment\u00e9 et qu&#8217;elle a pu la qualifier en br\u00fblure.<\/p>\n\n\n\n<p>Je recherche donc cela dans un autre r\u00e9pertoire hom\u00e9opathique, le R\u00e9pertoire de Phatak, un hom\u00e9opathe indien.<\/p>\n\n\n\n<p>Je prends 2 rubriques qui permettent de g\u00e9n\u00e9raliser son ressenti.<\/p>\n\n\n\n<p>Je prends les rubriques : <\/p>\n\n\n\n<p>Feet Burning (Pieds Br\u00fblure  6 rem\u00e8des)<\/p>\n\n\n\n<p>Feet Dorsum of (Pieds Dos du pied 7 rem\u00e8des) <\/p>\n\n\n\n<p><\/p>\n\n\n\n<p>Un seul rem\u00e8de commun Pulsatilla.<\/p>\n\n\n\n<p><\/p>\n\n\n\n<p>Je v\u00e9rifie localisation et modalit\u00e9 dans le livre Concise Materia Medica de Phatak <\/p>\n\n\n\n<p>Inferior limbs<\/p>\n\n\n\n<p>Dorsum of foot swollen, oedematous<\/p>\n\n\n\n<p>et beaucoup de sensations br\u00fblantes dans ce m\u00e9dicament hom\u00e9opathique en diverses localisations corporelles.<\/p>\n\n\n\n<p>Donc Pulsatilla 200 1 prise, le vendredi 20 janvier et pas de douleur br\u00fblante depuis.<\/p>\n\n\n\n<p><\/p>\n\n\n\n<p>Voil\u00e0 ce que peux faire l&#8217;hom\u00e9opathie uniciste pour vous aider vous ou vos patients.<\/p>\n\n\n\n<p>Aider ce que vous faites pour que l&#8217;\u00e9nergie \u00e0 disposition soit consolid\u00e9e afin que vous puissiez travailler plus vite et avec plus de r\u00e9sultats en aval.<\/p>\n\n\n\n<p><\/p>\n\n\n\n<p>Alors pourquoi ne pas travailler ensemble, de concert ? <\/p>\n","protected":false},"excerpt":{"rendered":"<p>Vous le savez certainement mais l&#8217;Hom\u00e9opathie Uniciste (la branche originelle de l&#8217;hom\u00e9opathie o\u00f9 le praticien ne donne qu&#8217;un seul m\u00e9dicament hom\u00e9opathique &#8211; lequel doit correspondre aux maux physique du consultant mais aussi s&#8217;accorder \u00e0&#46;&#46;&#46;<\/p>\n","protected":false},"author":1,"featured_media":0,"parent":0,"menu_order":0,"comment_status":"closed","ping_status":"closed","template":"","meta":{"footnotes":""},"class_list":["post-91","page","type-page","status-publish","hentry"],"jetpack_sharing_enabled":true,"_links":{"self":[{"href":"https:\/\/homeopathiepascaldumas.com\/accueil-nouveau\/wp-json\/wp\/v2\/pages\/91","targetHints":{"allow":["GET"]}}],"collection":[{"href":"https:\/\/homeopathiepascaldumas.com\/accueil-nouveau\/wp-json\/wp\/v2\/pages"}],"about":[{"href":"https:\/\/homeopathiepascaldumas.com\/accueil-nouveau\/wp-json\/wp\/v2\/types\/page"}],"author":[{"embeddable":true,"href":"https:\/\/homeopathiepascaldumas.com\/accueil-nouveau\/wp-json\/wp\/v2\/users\/1"}],"replies":[{"embeddable":true,"href":"https:\/\/homeopathiepascaldumas.com\/accueil-nouveau\/wp-json\/wp\/v2\/comments?post=91"}],"version-history":[{"count":1,"href":"https:\/\/homeopathiepascaldumas.com\/accueil-nouveau\/wp-json\/wp\/v2\/pages\/91\/revisions"}],"predecessor-version":[{"id":92,"href":"https:\/\/homeopathiepascaldumas.com\/accueil-nouveau\/wp-json\/wp\/v2\/pages\/91\/revisions\/92"}],"wp:attachment":[{"href":"https:\/\/homeopathiepascaldumas.com\/accueil-nouveau\/wp-json\/wp\/v2\/media?parent=91"}],"curies":[{"name":"wp","href":"https:\/\/api.w.org\/{rel}","templated":true}]}}