{"id":40,"date":"2023-03-06T17:39:47","date_gmt":"2023-03-06T17:39:47","guid":{"rendered":"https:\/\/www.homeopathiepascaldumas.com\/?page_id=40"},"modified":"2023-03-06T17:40:51","modified_gmt":"2023-03-06T17:40:51","slug":"decouvrez-pascal-dumas","status":"publish","type":"page","link":"https:\/\/homeopathiepascaldumas.com\/accueil-nouveau\/decouvrez-pascal-dumas\/","title":{"rendered":"D\u00c9COUVREZ PASCAL DUMAS"},"content":{"rendered":"\t\t<div data-elementor-type=\"wp-page\" data-elementor-id=\"40\" class=\"elementor elementor-40\" data-elementor-post-type=\"page\">\n\t\t\t\t\t\t<section class=\"elementor-section elementor-top-section elementor-element elementor-element-acab863 elementor-section-boxed elementor-section-height-default elementor-section-height-default\" data-id=\"acab863\" data-element_type=\"section\" data-e-type=\"section\">\n\t\t\t\t\t\t<div class=\"elementor-container elementor-column-gap-default\">\n\t\t\t\t\t<div class=\"elementor-column elementor-col-100 elementor-top-column elementor-element elementor-element-b60b03b\" data-id=\"b60b03b\" data-element_type=\"column\" data-e-type=\"column\">\n\t\t\t<div class=\"elementor-widget-wrap elementor-element-populated\">\n\t\t\t\t\t\t<div class=\"elementor-element elementor-element-8aa24b0 elementor-widget elementor-widget-text-editor\" data-id=\"8aa24b0\" data-element_type=\"widget\" data-e-type=\"widget\" data-widget_type=\"text-editor.default\">\n\t\t\t\t<div class=\"elementor-widget-container\">\n\t\t\t\t\t\t\t\t\t\n<p>Je suis praticien en Hom\u00e9opathie Uniciste.<\/p>\n\n\n\n<p>L\u2019hom\u00e9opathie uniciste ?<\/p>\n\n\n\n<div class=\"wp-block-columns is-layout-flex wp-container-core-columns-is-layout-9d6595d7 wp-block-columns-is-layout-flex\">\n<div class=\"wp-block-column is-layout-flow wp-block-column-is-layout-flow\" style=\"flex-basis: 100%;\"><div class=\"wp-block-image is-style-rounded\">\n<figure class=\"alignright\"><img decoding=\"async\" class=\"wp-image-1413\" src=\"https:\/\/www.homeopathiepascaldumas.com\/wp-content\/uploads\/2019\/11\/Pascal-338x450.jpg\" alt=\"\" \/><\/figure><\/div><\/div>\n<\/div>\n\n\n\n<p>Cela signifie que je ne donne qu\u2019un seul rem\u00e8de \u00e0 la fois, pour \u00eatre certain que ce soit le bon et qu\u2019il puisse d\u00e9livrer le maximum de bienfaits \u00e0 la personne qui me consulte, tout en pouvant analyser fid\u00e8lement tout ce qui se passe.<\/p>\n\n\n\n<p>Je suis arriv\u00e9 \u00e0 ce type d\u2019hom\u00e9opathie, celle pr\u00e9conis\u00e9e par le Fondateur de l\u2019hom\u00e9opathie apr\u00e8s avoir pratiqu\u00e9 pendant de nombreuses ann\u00e9es d\u2019autres m\u00e9thodes de soins.<\/p>\n\n\n\n<p>Je suis th\u00e9rapeute depuis presque 30 ans\u2026d\u00e9j\u00e0\u00a0!<\/p>\n\n\n\n<p>Je pratique l\u2019hom\u00e9opathie uniciste car c\u2019est dans cette pratique que j\u2019ai trouv\u00e9 toutes les r\u00e9ponses aux questions que je me posais en tant que th\u00e9rapeute sur la maladie, comment elle se contracte, se propage\u2026Mais surtout, c\u2019est le seul syst\u00e8me, je trouve, qui permet d\u2019avoir une vision claire de la situation pr\u00e9cise o\u00f9 se trouve la personne au niveau sant\u00e9 car l\u2019hom\u00e9opathie r\u00e9pond \u00e0 des lois pr\u00e9cises.<\/p>\n\n\n\n<p>Pour en arriver l\u00e0, j\u2019ai parcouru pas mal de pratiques et formations de soins.<\/p>\n\n\n\n<p>Voyez plut\u00f4t\u2026<\/p>\n\n\n\n<p>Ayant toujours voulu \u00eatre m\u00e9decin, depuis la tendre enfance, apr\u00e8s mon bac de technicien en Biochimie et Bact\u00e9riologie alimentaire, je me suis dirig\u00e9 vers des \u00e9tudes de m\u00e9decine.<\/p>\n\n\n\n<p>Il y eu un petit souci\u2026<\/p>\n\n\n\n<p>Car 2 ans auparavant, j\u2019avais eu diagnostic peu favorable donn\u00e9e par l\u2019acad\u00e9mie de m\u00e9decine..je ne pourrait plus marcher avant mes 30 ans et serait en fauteuil roulant.<\/p>\n\n\n\n<p>Imaginez un peu la perspective \u00e0 20 ans..<\/p>\n\n\n\n<p>Apr\u00e8s avoir \u00e9puis\u00e9es toutes les possibilit\u00e9s de la m\u00e9decine moderne, je me suis tourn\u00e9 en d\u00e9sespoir de cause vers les m\u00e9decines dites douces \u00e0 l\u2019\u00e9poque.<\/p>\n\n\n\n<p>J\u2019avais des douleurs quotidiennes, invalidantes, m\u2019enp\u00eachant de marcher normalement et surtout longtemps.<\/p>\n\n\n\n<p>Une des premi\u00e8res personnes a m\u2019avoir soulag\u00e9, \u00e9tait une dame travaillant les \u00e9nergies.<\/p>\n\n\n\n<p>Ce fut un choc pour moi, car tr\u00e8s cart\u00e9sien \u00e0 cette \u00e9poque\u00a0!<\/p>\n\n\n\n<p>Car pendant 1 semaine, plus aucune douleur. Malheureusement cette dame disparu dans la nature sans laisser trace..<\/p>\n\n\n\n<p>La deuxi\u00e8me personne \u00e9tait un homme travaillant en acupuncture et hom\u00e9opathie.<\/p>\n\n\n\n<p>Gr\u00e2ce \u00e0 lui j\u2019ai \u00e9t\u00e9 GU\u00c9RIT, en quelques mois\u00a0!!<\/p>\n\n\n\n<p>Provenant d\u2019une famille de gu\u00e9risseurs, mes dons d\u00e9s l\u2019ann\u00e9e de terminale se mirent \u00e0 se r\u00e9v\u00e9ler, \u00e0 augmenter.<\/p>\n\n\n\n<p>Cela me value quelques railleries de la part de mes \u00ab\u00a0copains\u00a0\u00bb de promo ainsi que de certains enseignants..<\/p>\n\n\n\n<p>Je poursuivis donc en M\u00e9decine.<\/p>\n\n\n\n<p>Comme les \u00e9tudes de m\u00e9decine telles qu\u2019elles sont enseign\u00e9es ne me satisfaisaient pas,<\/p>\n\n\n\n<p>j\u2019ai appris la m\u00e9decine chinoise et suis all\u00e9 faire un voyage d\u2019\u00e9tude en Chine en acupuncture o\u00f9 j\u2019ai pass\u00e9 ma certification.<\/p>\n\n\n\n<p>Rentr\u00e9 de Chine, je me suis install\u00e9 \u00e0 mon compte.<\/p>\n\n\n\n<p>J\u2019ai suivi des formations en phytoth\u00e9rapie occidentale et aromath\u00e9rapie aupr\u00e8s d\u2019un pharmacien ami mondialement reconnu dans les huiles essentielles \u00e0 Grasse, Francis Hadji-Minaglou.<\/p>\n\n\n\n<p>J\u2019ai mis en place une m\u00e9thode de massage des \u00e9nergies, que j\u2019ai enseign\u00e9 en s\u00e9minaires.<\/p>\n\n\n\n<p>Attendant les patients, je me suis mis, seul, \u00e0 lire une mati\u00e8re m\u00e9dicale hom\u00e9opathique.<\/p>\n\n\n\n<p>Puis, j\u2019ai commenc\u00e9 \u00e0 prescrire de l\u2019hom\u00e9opathie. Souvent, je donnais plusieurs rem\u00e8des.<\/p>\n\n\n\n<p>Je tentais de donner un seul rem\u00e8de \u00e0 cette \u00e9poque mais trouvais cela tr\u00e8s complexe.<\/p>\n\n\n\n<p>Le souvenir le plus marquant fut le cas d\u2019une nouvelle patiente, pharmacienne install\u00e9e \u00e0 c\u00f4t\u00e9 du cabinet, qui vint me consulter pour une sinusite aigu\u00eb. Je lui donnait Pyrogenium \u00e0 prendre, car elle avait de la fi\u00e8vre. Le lendemain de la prise, pffttt plus rien.<\/p>\n\n\n\n<p>Je lu plus tard, que Pyrogenium se donne quand le pouls reste lent malgr\u00e9 le tableau av\u00e9r\u00e9 de fi\u00e8vre, o\u00f9 normalement il s\u2019acc\u00e9l\u00e8re.<\/p>\n\n\n\n<p>Incroyable\u2026donc l\u2019hom\u00e9opathie avec un seul rem\u00e8de fonctionnait\u00a0!!!<\/p>\n\n\n\n<p>Alors, je redoublais dans le temps pass\u00e9 dans mes lectures hom\u00e9opathiques.<\/p>\n\n\n\n<p>Je m\u2019int\u00e9ressais \u00e0 plusieurs autres domaines dans le monde th\u00e9rapeutique\u00a0: la naturopathie, le symbolisme corporel, les di\u00e9t\u00e9tiques occidentales et chinoises, l\u2019\u00e9nerg\u00e9tique, les corps subtils et leurs r\u00e9tablissements.<\/p>\n\n\n\n<p>Avide de recherches, je m\u2019int\u00e9ressais alors \u00e0 l\u2019astrologie (trop complexe pour moi et en plus, il fallait monter les th\u00e8mes \u00e0 la main), la radiesth\u00e9sie, la num\u00e9rologie. Je fus consultant en num\u00e9rologie dans un magasin \u00e9sot\u00e9rique pendant mes jeunes ann\u00e9es de fac..<\/p>\n\n\n\n<p>Mais le d\u00e9mon de l\u2019hom\u00e9opathie \u00e9tait toujours l\u00e0 et en 2013, je repris une formation afin d\u2019atteindre le saint graal, la montagne pens\u00e9e inaccessible\u00a0: l\u2019hom\u00e9opathie uniciste.<\/p>\n\n\n\n<p>4 ans d\u2019\u00e9tudes chang\u00e8rent ma conception et maintenant je parviens \u00e0 traiter des affections, des gens comme jamais jusqu\u2019\u00e0 pr\u00e9sent.<\/p>\n\n\n\n<p>Car je peux savoir leur niveau de sant\u00e9, si le traitement va dans le bon sens ou non, comment manager celui-ci, o\u00f9 sont les \u00e9cueils \u00e0 sa bonne progression.<\/p>\n\n\n\n<p>Sa me d\u00e9partir, parfois, de ma capacit\u00e9 \u00e0 faire appara\u00eetre une indication d\u2019un rem\u00e8de, je ne sais comment\u2026<\/p>\n\n\n\n<p>Je vous en donne deux exemples\u00a0:<\/p>\n\n\n\n<p>Alors que je faisais des travaux dans mon nouveau cabinet sur Nice, une dame de Paris m\u2019appelle de la part d\u2019un ami, vers 12h30 \u2013 13h. Elle me dit qu\u2019elle n\u2019a plus de voix, est enrou\u00e9e.<\/p>\n\n\n\n<p>Elle est chanteuse. Nous sommes le mercredi et a un concert le vendredi. Et de me dire \u00ab\u00a0qu\u2019est-ce que je prends\u00a0?\u00a0\u00bb<\/p>\n\n\n\n<p>Ben voyons, comme \u00e7a au pied lev\u00e9 une id\u00e9e d\u2019un rem\u00e8de\u2026<\/p>\n\n\n\n<p>Et de m\u2019entendre dire \u00ab\u00a0\u2013 prenez tel rem\u00e8de, (impossible de me souvenir lequel) mais une dose en 12CH.\u00a0\u00bb<\/p>\n\n\n\n<p>\u00e0 16h, le t\u00e9l\u00e9phone sonne au cabinet et la dame de me dire \u00ab\u00a0\u2013 c\u2019est super, j\u2019ai plus rien, vous \u00eates o\u00f9\u00a0?\u00a0\u00bb<\/p>\n\n\n\n<p>\u00ab\u00a0\u2013 Ben au cabinet, pourquoi\u00a0?\u00a0\u00bb<\/p>\n\n\n\n<p>\u00ab\u00a0\u2013 Car je prends l\u2019avion de Paris et je viens vous voir ce soir \u00e0 Nice\u00a0!\u00a0\u00bb<\/p>\n\n\n\n<p>Et effectivement, \u00e0 20h, je vois entrer dans le cabinet une grande chanteuse noire am\u00e9ricaine de jazz tr\u00e8s connue avec son impresario de mari\u2026Dingue non\u00a0?<\/p>\n\n\n\n<p>&nbsp;<\/p>\n\n\n\n<p>&nbsp;<\/p>\n\n\n\n<p>Le deuxi\u00e8me exemple est r\u00e9cent car date de janvier 2019. Je re\u00e7ois une th\u00e9rapeute que je suis pour des probl\u00e8mes r\u00e9currents hivernaux. Les m\u00e9dicaments donn\u00e9s fonctionnent mod\u00e9r\u00e9ment.<\/p>\n\n\n\n<p>A cette consultation, je lui fait un soin \u00e9nerg\u00e9tique et pendant ce soin, me \u00ab\u00a0vient\u00a0\u00bb ferrum 200.<\/p>\n\n\n\n<p>Je lui donne donc Ferrum metallicum en 200K 1 dose.<\/p>\n\n\n\n<p>Et pas de nouvelles pendant 9 mois.<\/p>\n\n\n\n<p>Revue, en octobre dernier, elle me dit en entrant dans la salle de consultation \u00ab\u00a0\u2013 super le dernier rem\u00e8de, je n\u2019ai pas eu de probl\u00e8me de gorge depuis que l\u2019on s\u2019est vu la derni\u00e8re fois\u00a0\u00bb\u2026.<\/p>\n\n\n\n<p>Et puis, il y a les signes improbables, qui seraient \u00e9cart\u00e9s de la m\u00e9decine classique et qui permettent de trouver le rem\u00e8de pour un malade donn\u00e9 comme une sensation de frissonnement au niveau du c\u0153ur, une sensation que le sang se bloque et s\u2019\u00e9coule mal des les veines\u2026Les patients allant de mieux en mieux une fois leurs rem\u00e8des en rapport avec leurs sensations propres pris.<\/p>\n\n\n\n<p>&nbsp;<\/p>\n\n\n\n<p>Bienveillante hom\u00e9opathie, pour les humains, les animaux et les plantes..<\/p>\n\n\n\n<p>&nbsp;<\/p>\n\t\t\t\t\t\t\t\t<\/div>\n\t\t\t\t<\/div>\n\t\t\t\t\t<\/div>\n\t\t<\/div>\n\t\t\t\t\t<\/div>\n\t\t<\/section>\n\t\t\t\t<\/div>\n\t\t","protected":false},"excerpt":{"rendered":"<p>Je suis praticien en Hom\u00e9opathie Uniciste. L\u2019hom\u00e9opathie uniciste ? Cela signifie que je ne donne qu\u2019un seul rem\u00e8de \u00e0 la fois, pour \u00eatre certain que ce soit le bon et qu\u2019il puisse d\u00e9livrer le&#46;&#46;&#46;<\/p>\n","protected":false},"author":1,"featured_media":0,"parent":0,"menu_order":0,"comment_status":"closed","ping_status":"closed","template":"","meta":{"footnotes":""},"class_list":["post-40","page","type-page","status-publish","hentry"],"jetpack_sharing_enabled":true,"_links":{"self":[{"href":"https:\/\/homeopathiepascaldumas.com\/accueil-nouveau\/wp-json\/wp\/v2\/pages\/40","targetHints":{"allow":["GET"]}}],"collection":[{"href":"https:\/\/homeopathiepascaldumas.com\/accueil-nouveau\/wp-json\/wp\/v2\/pages"}],"about":[{"href":"https:\/\/homeopathiepascaldumas.com\/accueil-nouveau\/wp-json\/wp\/v2\/types\/page"}],"author":[{"embeddable":true,"href":"https:\/\/homeopathiepascaldumas.com\/accueil-nouveau\/wp-json\/wp\/v2\/users\/1"}],"replies":[{"embeddable":true,"href":"https:\/\/homeopathiepascaldumas.com\/accueil-nouveau\/wp-json\/wp\/v2\/comments?post=40"}],"version-history":[{"count":4,"href":"https:\/\/homeopathiepascaldumas.com\/accueil-nouveau\/wp-json\/wp\/v2\/pages\/40\/revisions"}],"predecessor-version":[{"id":44,"href":"https:\/\/homeopathiepascaldumas.com\/accueil-nouveau\/wp-json\/wp\/v2\/pages\/40\/revisions\/44"}],"wp:attachment":[{"href":"https:\/\/homeopathiepascaldumas.com\/accueil-nouveau\/wp-json\/wp\/v2\/media?parent=40"}],"curies":[{"name":"wp","href":"https:\/\/api.w.org\/{rel}","templated":true}]}}