{"id":1812,"date":"2025-08-05T23:48:00","date_gmt":"2025-08-05T21:48:00","guid":{"rendered":"https:\/\/www.homeopathiepascaldumas.com\/?page_id=1812"},"modified":"2025-12-19T00:17:10","modified_gmt":"2025-12-18T22:17:10","slug":"pascal-dumas-nouveau","status":"publish","type":"page","link":"https:\/\/homeopathiepascaldumas.com\/accueil-nouveau\/pascal-dumas-nouveau\/","title":{"rendered":"Pascal DUMAS Nouveau"},"content":{"rendered":"\t\t<div data-elementor-type=\"wp-page\" data-elementor-id=\"1812\" class=\"elementor elementor-1812\" data-elementor-post-type=\"page\">\n\t\t\t\t<div class=\"elementor-element elementor-element-dc1adc8 e-flex e-con-boxed e-con e-parent\" data-id=\"dc1adc8\" data-element_type=\"container\" data-e-type=\"container\">\n\t\t\t\t\t<div class=\"e-con-inner\">\n\t\t\t\t<div class=\"elementor-element elementor-element-70a77c7 elementor-widget elementor-widget-text-editor\" data-id=\"70a77c7\" data-element_type=\"widget\" data-e-type=\"widget\" data-widget_type=\"text-editor.default\">\n\t\t\t\t<div class=\"elementor-widget-container\">\n\t\t\t\t\t\t\t\t\t<section class=\"auteur-hero\">\n    <h1>Pascal DUMAS<\/h1>\n    <p class=\"subtitle\">Praticien en Hom\u00e9opathie Uniciste<\/p>\n<\/section>\n\n<div class=\"page-auteur\">\n    <div class=\"portrait-section\">\n        <img decoding=\"async\" src=\"https:\/\/www.homeopathiepascaldumas.com\/wp-content\/uploads\/2024\/07\/PascalDUMAS.jpg\" alt=\"Pascal Dumas\" \/>\n    <\/div>\n    \n    <p class=\"intro-text\">Praticien passionn\u00e9 depuis plus de <strong>30 ans<\/strong>, j&#8217;exerce l&#8217;hom\u00e9opathie uniciste avec une approche globale int\u00e9grant les enseignements de la m\u00e9decine chinoise, de l&#8217;\u00e9nerg\u00e9tique et d&#8217;autres m\u00e9thodes naturelles.<\/p>\n\n    <hr class=\"section-divider\" \/>\n\n    <h2>\ud83e\udde0 Mon approche : l&#8217;analyse bic\u00e9phale<\/h2>\n    <p>Ma m\u00e9thode de consultation repose sur une approche que j&#8217;appelle <strong>&#8220;l&#8217;analyse bic\u00e9phale&#8221;<\/strong>, utilisant les deux h\u00e9misph\u00e8res du cerveau de mani\u00e8re compl\u00e9mentaire :<\/p>\n    \n    <div class=\"two-columns\">\n        <div class=\"column-box\">\n            <h3>\ud83d\udd2c Cerveau gauche \u2014 L&#8217;analyse rationnelle<\/h3>\n            <p>\u00c9tude m\u00e9thodique des <strong>signes<\/strong>, <strong>sympt\u00f4mes<\/strong> et <strong>caract\u00e9ristiques<\/strong> de chaque patient et de sa pathologie.<\/p>\n            <p>Observation clinique rigoureuse, ant\u00e9c\u00e9dents m\u00e9dicaux, \u00e9volution des troubles&#8230;<\/p>\n        <\/div>\n        <div class=\"column-box\">\n            <h3>\u2728 Cerveau droit \u2014 L&#8217;intuition<\/h3>\n            <p>D\u00e9codage des <strong>v\u00eatements port\u00e9s<\/strong>, de la <strong>gestuelle<\/strong>, des <strong>mots utilis\u00e9s<\/strong> pour pr\u00e9senter les choses.<\/p>\n            <p>Perception de <strong>l&#8217;ambiance<\/strong>, de la <strong>symbolique<\/strong>, de ce qui n&#8217;est pas dit mais ressenti&#8230;<\/p>\n        <\/div>\n    <\/div>\n    \n    <p>Cette combinaison unique me permet de <strong>cibler avec pr\u00e9cision le rem\u00e8de<\/strong> correspondant \u00e0 la personne dans sa globalit\u00e9.<\/p>\n\n    <hr class=\"section-divider\" \/>\n\n    <div class=\"encadre-brun\">\n        <h2>\ud83d\ude80 Pionnier des consultations en ligne<\/h2>\n        <p>En <strong>2016<\/strong>, j&#8217;ai \u00e9t\u00e9 le <strong>premier praticien en hom\u00e9opathie uniciste en France<\/strong> \u00e0 proposer des consultations \u00e0 distance via Internet.<\/p>\n        <p>Cette innovation a permis d&#8217;accompagner des patients du monde entier, bien avant que la t\u00e9l\u00e9consultation ne devienne courante.<\/p>\n    <\/div>\n\n    <h2>\ud83d\udcf1 Innovation : la digitopuncture sur mobile<\/h2>\n    <p>Dans les <strong>ann\u00e9es 1990<\/strong>, avec un ami, j&#8217;ai cr\u00e9\u00e9 un service pionnier de <strong>digitopuncture accessible sur t\u00e9l\u00e9phone mobile<\/strong>.<\/p>\n    \n    <div class=\"encadre\">\n        <h2>Qu&#8217;est-ce que la digitopuncture ?<\/h2>\n        <p>La digitopuncture est une technique th\u00e9rapeutique d\u00e9riv\u00e9e de l&#8217;acupuncture traditionnelle chinoise. Au lieu d&#8217;utiliser des aiguilles, on stimule les <strong>points d&#8217;acupuncture<\/strong> par pression des doigts (digitus = doigt en latin).<\/p>\n        <p>Cette m\u00e9thode permet de r\u00e9\u00e9quilibrer les flux d&#8217;\u00e9nergie dans le corps, soulager les douleurs et am\u00e9liorer le bien-\u00eatre g\u00e9n\u00e9ral, de mani\u00e8re <strong>non invasive<\/strong> et accessible \u00e0 tous.<\/p>\n    <\/div>\n    \n    <p>Ce service innovant a \u00e9t\u00e9 <strong>d\u00e9ploy\u00e9 dans de nombreux pays<\/strong>, permettant \u00e0 des milliers de personnes de b\u00e9n\u00e9ficier de conseils en digitopuncture directement sur leur t\u00e9l\u00e9phone.<\/p>\n\n    <hr class=\"section-divider\" \/>\n\n    <h2>\ud83d\udcda Publications et ouvrages<\/h2>\n    <p>Soucieux de <strong>transmettre et partager<\/strong> mes connaissances, j&#8217;ai publi\u00e9 un <strong>livre explicatif sur l&#8217;hom\u00e9opathie uniciste<\/strong>, destin\u00e9 \u00e0 rendre cette discipline accessible au plus grand nombre.<\/p>\n    \n    <div class=\"highlight-box\">\n        <p>\ud83d\udcd6 <strong>4 autres ouvrages sont actuellement en cours de finalisation<\/strong> et seront bient\u00f4t disponibles.<\/p>\n    <\/div>\n\n    <h2>\ud83c\udfe5 M\u00e9decine chinoise<\/h2>\n    <p>Mon parcours inclut une solide formation en <strong>m\u00e9decine traditionnelle chinoise<\/strong>. J&#8217;ai \u00e9t\u00e9 <strong>praticien et enseignant<\/strong> dans cette discipline, ce qui enrichit consid\u00e9rablement ma pratique hom\u00e9opathique.<\/p>\n    <p>Cette double comp\u00e9tence me permet d&#8217;appr\u00e9hender le patient sous diff\u00e9rents angles et d&#8217;affiner mes prescriptions.<\/p>\n    \n    <div class=\"encadre\">\n        <h2>\ud83c\udf93 Formation et parcours<\/h2>\n        <ul>\n            <li><strong>Formation en biochimie et bact\u00e9riologie<\/strong><\/li>\n            <li><strong>\u00c9tudes en m\u00e9decine chinoise<\/strong> \u00e0 Shanghai<\/li>\n            <li><strong>4 ann\u00e9es d&#8217;\u00e9tudes du chinois mandarin<\/strong><\/li>\n            <li><strong>Formation approfondie en hom\u00e9opathie uniciste<\/strong><\/li>\n            <li><strong>Praticien et enseignant<\/strong> en m\u00e9decine chinoise<\/li>\n            <li><strong>Exp\u00e9rience clinique<\/strong> en cabinet et accompagnement \u00e0 distance<\/li>\n            <li><strong>Conf\u00e9rencier et formateur<\/strong> en hom\u00e9opathie uniciste<\/li>\n        <\/ul>\n    <\/div>\n\n    <h2>\ud83c\udf0d Ouverture internationale<\/h2>\n    <p>Passionn\u00e9 par les langues et les cultures, j&#8217;ai \u00e9tudi\u00e9 le <strong>chinois mandarin pendant 4 ans<\/strong>. Aujourd&#8217;hui, je poursuis mon apprentissage avec l&#8217;<strong>italien<\/strong> et l&#8217;<strong>h\u00e9breu<\/strong>.<\/p>\n    <p>Cette curiosit\u00e9 linguistique refl\u00e8te ma volont\u00e9 de <strong>comprendre les patients dans leur culture<\/strong> et d&#8217;\u00e9largir ma pratique \u00e0 l&#8217;international.<\/p>\n\n    <hr class=\"section-divider\" \/>\n\n    <div class=\"encadre-brun\">\n        <h2>\ud83d\udc9a Ma philosophie<\/h2>\n        <p>Chaque \u00eatre humain est <strong>unique<\/strong>. J&#8217;accorde une importance centrale \u00e0 l&#8217;<strong>\u00e9coute<\/strong>, \u00e0 la compr\u00e9hension des <strong>causes profondes<\/strong> et \u00e0 la <strong>coh\u00e9rence<\/strong> de chaque traitement avec le terrain du patient.<\/p>\n        <p>Mon objectif : vous accompagner vers un \u00e9quilibre <strong>global, durable et respectueux<\/strong> de votre organisme.<\/p>\n    <\/div>\n\n    <div class=\"contact-section\">\n        <h2>\ud83d\udcde Me contacter<\/h2>\n        <p>Pour en savoir plus ou prendre rendez-vous, contactez-moi directement.<\/p>\n        <a class=\"btn-call\" href=\"tel:+33685080648\">\ud83d\udcf1 06 85 08 06 48<\/a>\n        <p style=\"margin-top: 25px;\"><a style=\"color: #c49e52; font-size: 1.1em; text-decoration: none;\" href=\"mailto:contact@homeopathiepascaldumas.com\">\u2709\ufe0f contact@homeopathiepascaldumas.com<\/a><\/p>\n    <\/div>\n<\/div>\t\t\t\t\t\t\t\t<\/div>\n\t\t\t\t<\/div>\n\t\t\t\t\t<\/div>\n\t\t\t\t<\/div>\n\t\t\t\t<\/div>\n\t\t","protected":false},"excerpt":{"rendered":"<p>Pascal DUMAS Praticien en Hom\u00e9opathie Uniciste Praticien passionn\u00e9 depuis plus de 30 ans, j&#8217;exerce l&#8217;hom\u00e9opathie uniciste avec une approche globale int\u00e9grant les enseignements de la m\u00e9decine chinoise, de l&#8217;\u00e9nerg\u00e9tique et d&#8217;autres m\u00e9thodes naturelles. &#x1f9e0;&#46;&#46;&#46;<\/p>\n","protected":false},"author":1,"featured_media":0,"parent":0,"menu_order":0,"comment_status":"closed","ping_status":"closed","template":"elementor_canvas","meta":{"footnotes":""},"class_list":["post-1812","page","type-page","status-publish","hentry"],"jetpack_sharing_enabled":true,"_links":{"self":[{"href":"https:\/\/homeopathiepascaldumas.com\/accueil-nouveau\/wp-json\/wp\/v2\/pages\/1812","targetHints":{"allow":["GET"]}}],"collection":[{"href":"https:\/\/homeopathiepascaldumas.com\/accueil-nouveau\/wp-json\/wp\/v2\/pages"}],"about":[{"href":"https:\/\/homeopathiepascaldumas.com\/accueil-nouveau\/wp-json\/wp\/v2\/types\/page"}],"author":[{"embeddable":true,"href":"https:\/\/homeopathiepascaldumas.com\/accueil-nouveau\/wp-json\/wp\/v2\/users\/1"}],"replies":[{"embeddable":true,"href":"https:\/\/homeopathiepascaldumas.com\/accueil-nouveau\/wp-json\/wp\/v2\/comments?post=1812"}],"version-history":[{"count":25,"href":"https:\/\/homeopathiepascaldumas.com\/accueil-nouveau\/wp-json\/wp\/v2\/pages\/1812\/revisions"}],"predecessor-version":[{"id":3510,"href":"https:\/\/homeopathiepascaldumas.com\/accueil-nouveau\/wp-json\/wp\/v2\/pages\/1812\/revisions\/3510"}],"wp:attachment":[{"href":"https:\/\/homeopathiepascaldumas.com\/accueil-nouveau\/wp-json\/wp\/v2\/media?parent=1812"}],"curies":[{"name":"wp","href":"https:\/\/api.w.org\/{rel}","templated":true}]}}