{"id":143,"date":"2023-03-07T21:16:25","date_gmt":"2023-03-07T21:16:25","guid":{"rendered":"https:\/\/www.homeopathiepascaldumas.com\/?page_id=143"},"modified":"2023-03-10T13:22:02","modified_gmt":"2023-03-10T13:22:02","slug":"calcul-nephretique-ou-renal","status":"publish","type":"page","link":"https:\/\/homeopathiepascaldumas.com\/accueil-nouveau\/calcul-nephretique-ou-renal\/","title":{"rendered":"Calcul n\u00e9phr\u00e9tique ou r\u00e9nal"},"content":{"rendered":"\t\t<div data-elementor-type=\"wp-page\" data-elementor-id=\"143\" class=\"elementor elementor-143\" data-elementor-post-type=\"page\">\n\t\t\t\t\t\t<section class=\"elementor-section elementor-top-section elementor-element elementor-element-0600bc0 elementor-section-boxed elementor-section-height-default elementor-section-height-default\" data-id=\"0600bc0\" data-element_type=\"section\" data-e-type=\"section\">\n\t\t\t\t\t\t<div class=\"elementor-container elementor-column-gap-default\">\n\t\t\t\t\t<div class=\"elementor-column elementor-col-100 elementor-top-column elementor-element elementor-element-c672141\" data-id=\"c672141\" data-element_type=\"column\" data-e-type=\"column\">\n\t\t\t<div class=\"elementor-widget-wrap elementor-element-populated\">\n\t\t\t\t\t\t<div class=\"elementor-element elementor-element-3f9b56d elementor-widget elementor-widget-text-editor\" data-id=\"3f9b56d\" data-element_type=\"widget\" data-e-type=\"widget\" data-widget_type=\"text-editor.default\">\n\t\t\t\t<div class=\"elementor-widget-container\">\n\t\t\t\t\t\t\t\t\t\n<div class=\"wp-block-image\">\n<figure class=\"aligncenter size-large\"><img decoding=\"async\" class=\"wp-image-2371\" src=\"https:\/\/www.homeopathiepascaldumas.com\/wp-content\/uploads\/2023\/01\/calcul-nephretique.jpg\" alt=\"\" \/><img decoding=\"async\" class=\" wp-image-522 aligncenter\" src=\"https:\/\/www.homeopathiepascaldumas.com\/wp-content\/uploads\/2023\/03\/douleur-calcul-urinaire.jpg\" alt=\"\" width=\"213\" height=\"141\" \/><\/figure>\n<\/div>\n\n<p>Bonjour \u00e0 toutes et \u00e0 tous,<\/p>\n\n<p>aujourd&#8217;hui petit article pour vous expliquer la prise en charge possible des calculs qu&#8217;ils soient h\u00e9patiques, r\u00e9naux, salivaires ou autres par l&#8217;hom\u00e9opathie uniciste.<\/p>\n\n<p>Pour illustrer mon propos, je vais vous expliquer le cas d&#8217;un homme qui est venu me voir vendredi dernier, le 27 janvier pour un calcul r\u00e9nal.<\/p>\n\n<p>La douleur avait commenc\u00e9 le samedi soit pr\u00e9c\u00e9dent, par des douleurs partant des 2 reins, gauche et droit, et irradiantes vers l&#8217;abdomen. Cela \u00e9tait accompagn\u00e9 de naus\u00e9es et vomissements.<\/p>\n\n<div class=\"wp-block-image\">\n<figure class=\"aligncenter size-large\"><img decoding=\"async\" class=\"wp-image-2372\" src=\"https:\/\/www.homeopathiepascaldumas.com\/wp-content\/uploads\/2023\/01\/douleur-calcul-urinaire.jpg\" alt=\"\" \/><\/figure>\n<\/div>\n\n<p>Le dimanche, les douleurs ont augment\u00e9 n\u00e9cessitant un passage aux urgences.<\/p>\n\n<p>L\u00e0, apr\u00e8s \u00e9chographie des reins et d\u00e9couverte d&#8217;un calcul dans CHAQUE REIN, on lui a signifi\u00e9 qu&#8217;il fallait qu&#8217;il se fasse op\u00e9rer de toute urgence.<\/p>\n\n<p>\u00a0<\/p>\n\n<p>Ne d\u00e9sirant pas cela, il est rentr\u00e9 chez lui et le lendemain, expulsait rapidement un premier calcul naturellement en urinant.<\/p>\n\n<p>\u00a0<\/p>\n\n<p>Puis en recherchant des moyens naturels pour \u00e9liminer le calcul restant, il m&#8217;a trouv\u00e9 sur Google en effectuant des recherches.<\/p>\n\n<p>Arriv\u00e9 au cabinet, il vient avec le calcul expuls\u00e9 dans une petite boite. Celui-ci faisait bien 6mm de long sur 3-4 de large et heureusement pour lui, aux parois bien lisses.<\/p>\n\n<p>Il me raconte alors son histoire et me dit qu&#8217;il n&#8217;a plus de douleur, mais ne voulant pas \u00eatre op\u00e9r\u00e9, cherche comment traiter cela autrement en hom\u00e9opathie uniciste.<\/p>\n\n<p>Je recherche alors ses sympt\u00f4mes personnels, ceux datant du d\u00e9but du trouble.<\/p>\n\n<p>En plus des douleurs partant des reins, de chaque c\u00f4t\u00e9 et s&#8217;\u00e9tendant vers l&#8217;abdomen, bilat\u00e9ralement, il me stipule qu&#8217;il avait une sensation de chaleur, entourant toute la ceinture lombaire et abdominale en partie basse.<\/p>\n\n<p>\u00a0<\/p>\n\n<p>C&#8217;est d&#8217;ailleurs cette sensation qui l&#8217;avait un peu fit paniquer..<\/p>\n\n<p>En poursuivant, il me dit aussi qu&#8217;il avait des douleurs tiraillantes dans le p\u00e9nis et s&#8217;\u00e9tendant jusqu&#8217;aux testicules.<\/p>\n\n<p>Voici donc la r\u00e9pertorisation que j&#8217;ai effectu\u00e9.<\/p>\n\n<p><img fetchpriority=\"high\" decoding=\"async\" class=\"alignnone  wp-image-521\" src=\"https:\/\/www.homeopathiepascaldumas.com\/wp-content\/uploads\/2023\/03\/Rep_Stefano-300x144.jpg\" alt=\"\" width=\"620\" height=\"298\" srcset=\"https:\/\/homeopathiepascaldumas.com\/wp-content\/uploads\/2023\/03\/Rep_Stefano-300x144.jpg 300w, https:\/\/homeopathiepascaldumas.com\/wp-content\/uploads\/2023\/03\/Rep_Stefano-600x289.jpg 600w, https:\/\/homeopathiepascaldumas.com\/wp-content\/uploads\/2023\/03\/Rep_Stefano-768x369.jpg 768w, https:\/\/homeopathiepascaldumas.com\/wp-content\/uploads\/2023\/03\/Rep_Stefano.jpg 923w\" sizes=\"(max-width: 620px) 100vw, 620px\" \/><\/p>\n\n<p>Je lui ai donn\u00e9 Berberis en 200K, 1 cuill\u00e8re \u00e0 caf\u00e9 1 fois par jour pendant 1 semaine ou jusqu&#8217;\u00e0 expulsion du calcul.<\/p>\n\n<p>\u00a0<\/p>\n\n<p>Ce matin, lundi 30 janvier, je re\u00e7ois ce SMS de sa part :<\/p>\n\n<figure class=\"wp-block-image size-large\"><img decoding=\"async\" class=\"wp-image-2369\" src=\"https:\/\/www.homeopathiepascaldumas.com\/wp-content\/uploads\/2023\/01\/SMS-Stefano-450x290.jpg\" alt=\"\" \/><\/figure>\n\n<p>Le 2\u00e8me calcul a \u00e9t\u00e9 expuls\u00e9, normalement, par les voies naturelles, 48 \u00e0 72h apr\u00e8s le d\u00e9but de la prise de Berberis.<\/p>\n\n<p>Attention, n&#8217;imaginez pas que pour chaque calcul urinaire, le m\u00e9dicament qui permettra cette action serait Berberis.<\/p>\n\n<p>Loin s&#8217;en faut !<\/p>\n\n<p>En effet, pour chaque personne, il faut choisir le rem\u00e8de ad\u00e9quat.<\/p>\n\n<p>Voila ce que peut faire l&#8217;Hom\u00e9opathie uniciste.<\/p>\n\n<p>\u00a0<\/p>\n\n<p>Si d&#8217;aventure, vous aussi vous d\u00e9sirez recevoir l&#8217;aide de l&#8217;Hom\u00e9opathie uniciste, vous avez deux possiblit\u00e9s :<\/p>\n\n<ul class=\"wp-block-list\">\n<li>Soit prendre RDV \u00e0 mon cabinet 91 boulevard Gambetta \u00e0 Nice au 04 93 44 92 55.<\/li>\n<\/ul>\n\n<ul class=\"wp-block-list\">\n<li>Soit r\u00e9server votre consultation en ligne via Zoom (j&#8217;ai \u00e9t\u00e9 le premier praticien en Hom\u00e9opathie Uniciste a proposer ce service d\u00e9s 2016) en cliquant sur le lien ci-dessous : <a href=\"https:\/\/www.homeopathiepascaldumas.com\/amelia\/\" target=\"_blank\" rel=\"noreferrer noopener\">https:\/\/www.homeopathiepascaldumas.com\/amelia\/<\/a><\/li>\n<\/ul>\n\t\t\t\t\t\t\t\t<\/div>\n\t\t\t\t<\/div>\n\t\t\t\t\t<\/div>\n\t\t<\/div>\n\t\t\t\t\t<\/div>\n\t\t<\/section>\n\t\t\t\t<\/div>\n\t\t","protected":false},"excerpt":{"rendered":"<p>Bonjour \u00e0 toutes et \u00e0 tous, aujourd&#8217;hui petit article pour vous expliquer la prise en charge possible des calculs qu&#8217;ils soient h\u00e9patiques, r\u00e9naux, salivaires ou autres par l&#8217;hom\u00e9opathie uniciste. Pour illustrer mon propos, je&#46;&#46;&#46;<\/p>\n","protected":false},"author":1,"featured_media":0,"parent":0,"menu_order":0,"comment_status":"closed","ping_status":"closed","template":"","meta":{"footnotes":""},"class_list":["post-143","page","type-page","status-publish","hentry"],"jetpack_sharing_enabled":true,"_links":{"self":[{"href":"https:\/\/homeopathiepascaldumas.com\/accueil-nouveau\/wp-json\/wp\/v2\/pages\/143","targetHints":{"allow":["GET"]}}],"collection":[{"href":"https:\/\/homeopathiepascaldumas.com\/accueil-nouveau\/wp-json\/wp\/v2\/pages"}],"about":[{"href":"https:\/\/homeopathiepascaldumas.com\/accueil-nouveau\/wp-json\/wp\/v2\/types\/page"}],"author":[{"embeddable":true,"href":"https:\/\/homeopathiepascaldumas.com\/accueil-nouveau\/wp-json\/wp\/v2\/users\/1"}],"replies":[{"embeddable":true,"href":"https:\/\/homeopathiepascaldumas.com\/accueil-nouveau\/wp-json\/wp\/v2\/comments?post=143"}],"version-history":[{"count":10,"href":"https:\/\/homeopathiepascaldumas.com\/accueil-nouveau\/wp-json\/wp\/v2\/pages\/143\/revisions"}],"predecessor-version":[{"id":528,"href":"https:\/\/homeopathiepascaldumas.com\/accueil-nouveau\/wp-json\/wp\/v2\/pages\/143\/revisions\/528"}],"wp:attachment":[{"href":"https:\/\/homeopathiepascaldumas.com\/accueil-nouveau\/wp-json\/wp\/v2\/media?parent=143"}],"curies":[{"name":"wp","href":"https:\/\/api.w.org\/{rel}","templated":true}]}}