{"id":128,"date":"2023-03-07T21:11:08","date_gmt":"2023-03-07T21:11:08","guid":{"rendered":"https:\/\/www.homeopathiepascaldumas.com\/?page_id=128"},"modified":"2023-03-07T21:11:51","modified_gmt":"2023-03-07T21:11:51","slug":"un-ulcere-variqueux-en-homeopathie-uniciste","status":"publish","type":"page","link":"https:\/\/homeopathiepascaldumas.com\/accueil-nouveau\/un-ulcere-variqueux-en-homeopathie-uniciste\/","title":{"rendered":"Un ulc\u00e8re variqueux en hom\u00e9opathie uniciste"},"content":{"rendered":"\t\t<div data-elementor-type=\"wp-page\" data-elementor-id=\"128\" class=\"elementor elementor-128\" data-elementor-post-type=\"page\">\n\t\t\t\t\t\t<section class=\"elementor-section elementor-top-section elementor-element elementor-element-858437d elementor-section-boxed elementor-section-height-default elementor-section-height-default\" data-id=\"858437d\" data-element_type=\"section\" data-e-type=\"section\">\n\t\t\t\t\t\t<div class=\"elementor-container elementor-column-gap-default\">\n\t\t\t\t\t<div class=\"elementor-column elementor-col-100 elementor-top-column elementor-element elementor-element-056d5b9\" data-id=\"056d5b9\" data-element_type=\"column\" data-e-type=\"column\">\n\t\t\t<div class=\"elementor-widget-wrap elementor-element-populated\">\n\t\t\t\t\t\t<div class=\"elementor-element elementor-element-4936fa5 elementor-widget elementor-widget-text-editor\" data-id=\"4936fa5\" data-element_type=\"widget\" data-e-type=\"widget\" data-widget_type=\"text-editor.default\">\n\t\t\t\t<div class=\"elementor-widget-container\">\n\t\t\t\t\t\t\t\t\tBonjour \u00e0 toutes et tous,\n\n&nbsp;\n\nje vous pr\u00e9sente un cas que je suis depuis novembre 2017.\n\nIl s&#8217;agit d&#8217;un homme qui a des ulc\u00e8res variqueux depuis de nombreuses ann\u00e9es. Ceux-ci vont et viennent au gr\u00e9 des traitements allopathiques.\n\nSur les indications personnelles du patient, j&#8217;ai mis en place un traitement constitu\u00e9 d&#8217;un seul rem\u00e8de car je suis Uniciste, ce qui signifie que le seul m\u00e9dicament que je donne doit \u00eatre en ad\u00e9quation avec le patient. Ad\u00e9quation car on se doit de retrouver les m\u00eames sympt\u00f4mes physiques entre le patient et le m\u00e9dicament mais aussi correspondance dans les signes psychiques du rem\u00e8de et du consultant.\n\n&nbsp;\n\nLe premier m\u00e9dicament tent\u00e9 ne fut pas concluant.\n\nReprenant ma copie, aid\u00e9 du patient lui-m\u00eame, r\u00e9pondant \u00e0 mes multiples questions, plus en profondeur que la premi\u00e8re fois, un autre rem\u00e8de est d\u00e9busqu\u00e9.\n\nVoici aujourd&#8217;hui ce que cela donne avec le second m\u00e9dicament envisag\u00e9 :\n\n&nbsp;\n\n<div id=\"attachment_900\" style=\"width: 310px\" class=\"wp-caption alignleft\"><img fetchpriority=\"high\" decoding=\"async\" aria-describedby=\"caption-attachment-900\" class=\"wp-image-900 size-medium\" src=\"http:\/\/www.homeopathiepascaldumas.com\/wp-content\/uploads\/2018\/02\/Loge_Gilles_301117-300x169.jpg\" alt=\"\" width=\"300\" height=\"169\" \/><p id=\"caption-attachment-900\" class=\"wp-caption-text\">Novembre 2017<\/p><\/div>\n\n<div id=\"attachment_901\" style=\"width: 310px\" class=\"wp-caption alignright\"><img decoding=\"async\" aria-describedby=\"caption-attachment-901\" class=\"wp-image-901 size-medium\" src=\"http:\/\/www.homeopathiepascaldumas.com\/wp-content\/uploads\/2018\/02\/Loge_Gilles_190218-300x169.jpg\" alt=\"\" width=\"300\" height=\"169\" \/><p id=\"caption-attachment-901\" class=\"wp-caption-text\">F\u00e9vrier 2018<\/p><\/div>\n\n&nbsp;\n\n&nbsp;\n\n&nbsp;\n\n&nbsp;\n\n&nbsp;\n\n&nbsp;\n\nOn peut sans contestation possible dire que l&#8217;ulc\u00e8re est pratiquement referm\u00e9, r\u00e9sorb\u00e9.\n\n&nbsp;\n\nSi je peux commenter un peu et \u00e9noncer quelques r\u00e8gles hom\u00e9opathiques, on ne doit appliquer de cr\u00e8mes sur l&#8217;ulc\u00e8re ou toute autre manifestation \u00e0 la peau.\n\nPourquoi ?\n\nCe qui est manifest\u00e9 \u00e0 la peau n&#8217;est que la\u00a0mat\u00e9rialisation visible d&#8217;un d\u00e9s\u00e9quilibre interne plus profond.\u00a0 Exactement comme la pointe d&#8217;un iceberg que l&#8217;on voit \u00e0 la surface de l&#8217;eau en omettant de consid\u00e9rer les 3\/4 non visibles car immerg\u00e9s.\n\n&nbsp;\n\n<img decoding=\"async\" class=\"size-full wp-image-902 aligncenter\" src=\"http:\/\/www.homeopathiepascaldumas.com\/wp-content\/uploads\/2018\/02\/iceberg.jpg\" alt=\"\" width=\"259\" height=\"194\" \/>\n\nPour le corps vivant, l&#8217;analogie est identique.\n\nIl faut donc, comme une \u00e9vidence, un rem\u00e8de pris de mani\u00e8re globale, interne, afin qu&#8217;il modifie en interne la perturbation sous-jacente.\n\n&nbsp;\n\nCe n&#8217;est qu&#8217;au prix d&#8217;effort de recherche du m\u00e9dicament hom\u00e9opathique personnel au patient que l&#8217;on peut assister \u00e0 une gu\u00e9rison comme celle qu&#8217;illustre la photo de droite ci-dessus.\n\n&nbsp;\n<p style=\"text-align: center;\">Et cette r\u00e8gle est valable pour tous types d\u2019affections.<\/p>\n&nbsp;\n\n&nbsp;\n\n&nbsp;\t\t\t\t\t\t\t\t<\/div>\n\t\t\t\t<\/div>\n\t\t\t\t\t<\/div>\n\t\t<\/div>\n\t\t\t\t\t<\/div>\n\t\t<\/section>\n\t\t\t\t<\/div>\n\t\t","protected":false},"excerpt":{"rendered":"<p>Bonjour \u00e0 toutes et tous, &nbsp; je vous pr\u00e9sente un cas que je suis depuis novembre 2017. Il s&#8217;agit d&#8217;un homme qui a des ulc\u00e8res variqueux depuis de nombreuses ann\u00e9es. Ceux-ci vont et viennent&#46;&#46;&#46;<\/p>\n","protected":false},"author":1,"featured_media":0,"parent":0,"menu_order":0,"comment_status":"closed","ping_status":"closed","template":"","meta":{"footnotes":""},"class_list":["post-128","page","type-page","status-publish","hentry"],"jetpack_sharing_enabled":true,"_links":{"self":[{"href":"https:\/\/homeopathiepascaldumas.com\/accueil-nouveau\/wp-json\/wp\/v2\/pages\/128","targetHints":{"allow":["GET"]}}],"collection":[{"href":"https:\/\/homeopathiepascaldumas.com\/accueil-nouveau\/wp-json\/wp\/v2\/pages"}],"about":[{"href":"https:\/\/homeopathiepascaldumas.com\/accueil-nouveau\/wp-json\/wp\/v2\/types\/page"}],"author":[{"embeddable":true,"href":"https:\/\/homeopathiepascaldumas.com\/accueil-nouveau\/wp-json\/wp\/v2\/users\/1"}],"replies":[{"embeddable":true,"href":"https:\/\/homeopathiepascaldumas.com\/accueil-nouveau\/wp-json\/wp\/v2\/comments?post=128"}],"version-history":[{"count":4,"href":"https:\/\/homeopathiepascaldumas.com\/accueil-nouveau\/wp-json\/wp\/v2\/pages\/128\/revisions"}],"predecessor-version":[{"id":132,"href":"https:\/\/homeopathiepascaldumas.com\/accueil-nouveau\/wp-json\/wp\/v2\/pages\/128\/revisions\/132"}],"wp:attachment":[{"href":"https:\/\/homeopathiepascaldumas.com\/accueil-nouveau\/wp-json\/wp\/v2\/media?parent=128"}],"curies":[{"name":"wp","href":"https:\/\/api.w.org\/{rel}","templated":true}]}}