{"id":123,"date":"2023-03-07T21:09:09","date_gmt":"2023-03-07T21:09:09","guid":{"rendered":"https:\/\/www.homeopathiepascaldumas.com\/?page_id=123"},"modified":"2023-03-07T21:10:29","modified_gmt":"2023-03-07T21:10:29","slug":"un-cas-de-bpco","status":"publish","type":"page","link":"https:\/\/homeopathiepascaldumas.com\/accueil-nouveau\/un-cas-de-bpco\/","title":{"rendered":"Un cas de BPCO"},"content":{"rendered":"\t\t<div data-elementor-type=\"wp-page\" data-elementor-id=\"123\" class=\"elementor elementor-123\" data-elementor-post-type=\"page\">\n\t\t\t\t\t\t<section class=\"elementor-section elementor-top-section elementor-element elementor-element-99250ca elementor-section-boxed elementor-section-height-default elementor-section-height-default\" data-id=\"99250ca\" data-element_type=\"section\" data-e-type=\"section\">\n\t\t\t\t\t\t<div class=\"elementor-container elementor-column-gap-default\">\n\t\t\t\t\t<div class=\"elementor-column elementor-col-100 elementor-top-column elementor-element elementor-element-ccb80a9\" data-id=\"ccb80a9\" data-element_type=\"column\" data-e-type=\"column\">\n\t\t\t<div class=\"elementor-widget-wrap\">\n\t\t\t\t\t\t\t<\/div>\n\t\t<\/div>\n\t\t\t\t\t<\/div>\n\t\t<\/section>\n\t\t\t\t<section class=\"elementor-section elementor-top-section elementor-element elementor-element-b957227 elementor-section-boxed elementor-section-height-default elementor-section-height-default\" data-id=\"b957227\" data-element_type=\"section\" data-e-type=\"section\">\n\t\t\t\t\t\t<div class=\"elementor-container elementor-column-gap-default\">\n\t\t\t\t\t<div class=\"elementor-column elementor-col-100 elementor-top-column elementor-element elementor-element-f2127a0\" data-id=\"f2127a0\" data-element_type=\"column\" data-e-type=\"column\">\n\t\t\t<div class=\"elementor-widget-wrap elementor-element-populated\">\n\t\t\t\t\t\t<div class=\"elementor-element elementor-element-ac5ec8b elementor-widget elementor-widget-text-editor\" data-id=\"ac5ec8b\" data-element_type=\"widget\" data-e-type=\"widget\" data-widget_type=\"text-editor.default\">\n\t\t\t\t<div class=\"elementor-widget-container\">\n\t\t\t\t\t\t\t\t\t<span style=\"color: #008000;\"><strong>Voyons maintenant un cas par\u00a0vid\u00e9o en ligne pour que vous puissiez voir que cela est identique \u00e0 une consultation en cabinet :<\/strong><\/span>\n\n&nbsp;\n\nUn patient me contacte car il souffre de nombreux d\u00e9sordres qu&#8217;ils soient pulmonaires avec une BPCO (bronchite chronique invalidante) et des probl\u00e8mes psychologiques graves.\n\nAu cours de la discussion, il me dit qu&#8217;il a de v\u00e9ritables crises de col\u00e8re, avec violence, impulsivit\u00e9.\nCris, insultes, agitation, arrivent d&#8217;un coup puis une fois la crise pass\u00e9e, il redevient gentil, navr\u00e9 de ce qu&#8217;il a pu faire ou dire.\n\nLa col\u00e8re survient pour des pr\u00e9textes futiles :&#8221;poubelle pas sortie, choses pas rang\u00e9es&#8221;\n\nEn r\u00e9alit\u00e9, l&#8217;absence de relations intimes induit la col\u00e8re interne car il est tr\u00e8s vers\u00e9 sur la sexualit\u00e9\n\nIl m&#8217;explique que pendant les crises de col\u00e8re o\u00f9 il perd tout contr\u00f4le, ne se ma\u00eetrise plus, il a l&#8217;impression que ses yeux vont sortir de sa t\u00eate. \u00c0 cet \u00e9nonc\u00e9, j&#8217;ai d\u00e9j\u00e0 une id\u00e9e de m\u00e9dicament en t\u00eate, qu&#8217;il va me falloir confirmer par la pr\u00e9sence d&#8217;autres sympt\u00f4mes caract\u00e9ristiques du m\u00e9dicament.\n\nPlus tard, il me dit qu&#8217;il ne peut plus se regarder dans un miroir, cela lui est impossible.\n\nL&#8217;id\u00e9e du rem\u00e8de grandit : CANTHARIS\u00a0.\n\n&nbsp;\n\nIl me faut alors poser des questions au patient pour savoir s&#8217;il y a pr\u00e9sence de signes caract\u00e9risant le m\u00e9dicament chez lui. Car si le m\u00e9dicament est le bon, on se doit de retrouver plusieurs de ces signes caract\u00e9ristiques dans les sympt\u00f4mes du patient.\n\nUne chose connue du rem\u00e8de , que l&#8217;on peut confondre avec d&#8217;autres m\u00e9dicaments qui poss\u00e8dent ce signe, est l&#8217;habitude soit de poser ses mains continuellement sur la zone sexuelle, soit de carr\u00e9ment tripoter les organes sexuels.\n\nIl me confirme cette habitude.\n\n&nbsp;\n\nVoyons ensemble ce qu&#8217;annonce la mati\u00e8re m\u00e9dicale succincte de Cantharis\u00a0:\n\nVoyez les \u00e9l\u00e9ments qui sont mis en rouge, en rapport avec le patient, en regardant ce que donne la SYNOPTIC MATERIA MEDICA de Vermeulen &#8211; Traduite en Fran\u00e7ais par les Docteurs Edouard Broussalian et Jean-Claude Ravalard.\n\n&nbsp;\n\n<strong>CANTHARIS<\/strong>\n\nR\u00c9GIONS\nMEMBRANES muqueuses et s\u00e9reuses (APPAREIL URINAIRE; vessie; pharynx; cerveau; pl\u00e8vre; gros intestin). Pomme d\u2019Adam. Peau. * C\u00d4T\u00c9 DROIT.\n\nMODALIT\u00c9S\nAggravation\u00a0: MICTION, avant, pendant, apr\u00e8s. En buvant; froid. Objets brillants. Bruit de l\u2019eau. Larynx. Caf\u00e9. En regardant l\u2019eau couler. En l\u2019approchant. Fi\u00e8vre. Nuit.\n\nAm\u00e9lioration\u00a0: Chaleur. Repos. Par la FRICTION. Froid ou applications froides. Allong\u00e9 tranquille sur le dos.\n\nSIGNES PRINCIPAUX\n\nM \u2013 Les sympt\u00f4mes mentaux (rage, malaise, agitation, d\u00e9tresse, insatisfaction, insultes, d\u00e9sir de mordre, jurons) sont &lt; en approchant le malade ou par le moindre toucher. M \u2013 <strong><span style=\"color: #ff0000;\">&#8220;Le petit gar\u00e7on tripote fr\u00e9quemment ses organes g\u00e9nitaux&#8221;<\/span><\/strong> (Farrington). G \u2013 &gt; Par la FRICTION.\nG \u2013 BR\u00dbLURE (bouche, gorge, estomac, larynx, thorax, abdomen, ovaires).\nG \u2013 <strong><span style=\"color: #ff0000;\">D\u00c9SIR SEXUEL excessif<\/span><\/strong>; augmentation du d\u00e9sir sexuel (nymphomanie ou \u00e9rections g\u00eanantes) PENDANT LA CYSTITE. &#8220;Souvent la pens\u00e9e se porte vers les sujets que le si\u00e8ge de l\u2019inflammation lui \u00e9voque. La vessie et les organes g\u00e9nitaux sont enflamm\u00e9s; l\u2019excitation et la congestion de ces r\u00e9gions \u00e9veillent souvent l\u2019instinct sexuel, de sorte qu\u2019il y a des pens\u00e9es sexuelles et de la fr\u00e9n\u00e9sie sexuelle&#8221; (Kent). Satyriasis, sommeil perturb\u00e9 par le d\u00e9sir.\nG \u2013 &lt; Pendant l\u2019acte sexuel\u00a0[2].\nG \u2013 Hyperesth\u00e9sie g\u00e9n\u00e9rale (c\u2019est \u00e0 dire br\u00fblure de la peau au toucher).\nG \u2013 Br\u00fblures, par eau bouillante, avec br\u00fblure violente et apparition rapide de v\u00e9sicules.\u00a0[Canth. fait merveille dans toutes les br\u00fblures en appliquant localement des compresses imbib\u00e9es d\u2019une solution dans laquelle on a dissous quelques globules d\u2019une 30\u00e8me dynamisation. L\u2019effet est tellement spectaculaire que Hering avait coutume de montrer aux sceptiques l\u2019action de Cantharis apr\u00e8s s\u2019\u00eatre br\u00fbl\u00e9 volontairement avec la flamme d\u2019un briquet. E.B.]\nG \u2013 Inflammations rapides et DESTRUCTRICES. &#8220;Il provoque un \u00e9tat de douleur et d\u2019excitation que l\u2019on ne retrouve dans aucun autre rem\u00e8de&#8221; (Kent). Inflammations gangr\u00e8neuses.\nG \u2013 \u00c9coulements aqueux excoriants et irritant la peau de mani\u00e8re si intense qu\u2019elle br\u00fble comme si elle avait \u00e9t\u00e9 \u00e9bouillant\u00e9e.\nG \u2013 Affections gastriques, h\u00e9patiques, abdominales et v\u00e9sicales &lt; en buvant du caf\u00e9. G \u2013 Soif br\u00fblante mais AVERSION POUR LES BOISSONS. G \u2013 &#8220;Favorise la f\u00e9condit\u00e9 et l\u2019expulsion de m\u00f4les, du placenta, des foetus morts et de corps \u00e9trangers de l\u2019ut\u00e9rus&#8221; (Mathur). G \u2013 Faiblesse &gt; boissons alcoolis\u00e9es\u00a0[2].\nP \u2013 VIOLENTE DOULEUR BR\u00dbLANTE au niveau de la vessie, du col de la vessie et de l\u2019ur\u00e8tre &amp; ENVIE D\u2019URINER constante, intol\u00e9rable; avant, pendant et apr\u00e8s la miction. Douleur v\u00e9sicale &lt; en buvant la moindre goutte d\u2019eau, ou apr\u00e8s avoir bu du caf\u00e9. &#8220;La douleur br\u00fblante et l\u2019envie pressante d\u2019uriner constituent le \u2018fil rouge\u2019 de Canth. dans toutes les affections inflammatoires&#8221; (Allen).\nP \u2013 Miction par GOUTTES (strangurie, urine \u00e9mise goutte \u00e0 goutte), avec violentes douleurs BR\u00dbLANTES et COUPANTES.\nP \u2013 \u00c9ryth\u00e8me suite de coup de soleil (douleur br\u00fblante et avant la formation des phlyct\u00e8nes).\nP \u2013 Spasmes violents apr\u00e8s avoir touch\u00e9 le larynx, apr\u00e8s avoir regard\u00e9 des objets brillants ou le miroitement du soleil \u00e0 la surface de l\u2019eau (hydrophobie).\n\nR\u00c9PERTOIRE\nPSYCHISME\u00a0: \u00a7D\u00e9lire, cris, avec des, au secours\u00a0[2,2\/1]. \u00a7Insolence\u00a0[2]. \u00a7Obsc\u00e8ne\u00a0[2]. \u00a7Parler, morts, avec des\u00a0[1]. \u00a7<strong><span style=\"color: #ff0000;\">Peur, miroirs dans la pi\u00e8ce, des<\/span><\/strong>\u00a0[2,2].\nT\u00caTE\u00a0: \u00a7Cheveux, chute des, accouchement, apr\u00e8s l\u2019\u00a0[2]. \u00a7Douleur, br\u00fblante, cerveau \u00e9tait en feu, comme si le\u00a0[2\/3].\nOREILLES\u00a0: \u00a7Chaleur, \u00e9chappe de l\u2019oreille, sensation de\u00a0[2].\nVISAGE\u00a0: \u00a7Coloration, rouge, penchant, en se\u00a0[2; Bell.]. \u00a7Expression, effray\u00e9e\u00a0[2].\nBOUCHE\u00a0: \u00a7Coloration, langue, rouge, vif\u00a0[2].\nRECTUM\u00a0: \u00a7Douleur, br\u00fblante, diarrh\u00e9e, apr\u00e8s\u00a0[2]. \u00a7Envie pressante d\u2019aller \u00e0 la selle, miction, pendant\u00a0[2].\nREINS\u00a0: \u00a7Douleur, crispante, qui descend le long des uret\u00e8res jusqu\u2019au p\u00e9nis\u00a0[3,3\/1], miction, envie d\u2019uriner, pendant l\u2019\u00a0[2].\nVESSIE\u00a0: \u00a7Douleur, buvant, agg en\u00a0[2\/1], extension, rein\u00a0[2\/3], contuse, comme une meurtrissure, sensibilit\u00e9 \u00e0 la pression, mouvement, agg\u00a0[2\/3]. \u00a7Envie d\u2019uriner, anormale en g\u00e9n\u00e9ral, fr\u00e9quente, r\u00e8gles, suppression des, avec\u00a0[2], inefficace, selle, avec envie d\u2019aller \u00e0 la\u00a0[2], transpiration, pendant\u00a0[2]. \u00a7Miction, goutte a goutte, involontaire, r\u00e8gles, pendant\u00a0[2; Cact.], involontaire, vomissant, en\u00a0[2]. \u00a7Paralysie, retenir trop longtemps semble paralyser la vessie, se\u00a0[2].\nUR\u00c8THRE\u00a0: \u00a7Douleur, br\u00fblante, co\u00eft, pendant\u00a0[2], co\u00eft, apr\u00e8s\u00a0[2], \u00e9rections, pendant\u00a0[2].\nURINES\u00a0: \u00a7Br\u00fblantes, r\u00e8gles, avant\u00a0[2].\nG\u00c9NITAUX F\u00c9MININS\u00a0: \u00a7Leucorrh\u00e9e, excitation sexuelle, suite d\u2019\u00a0[2], masturbation, suite de\u00a0[2].\nTHORAX\u00a0: \u00a7Pl\u00e9nitude, caf\u00e9, apr\u00e8s\u00a0[2\/1].\nTRANSPIRATION\u00a0: \u00a7Odeur, urine, comme l\u2019\u00a0[3].\nPEAU\u00a0: \u00a7Br\u00fblante, toucher, au\u00a0[2]. \u00a7Douleur, ulc\u00e9ration, comme une, toucher, agg\u00a0[2\/1].\nG\u00c9N\u00c9RALIT\u00c9S\u00a0: \u00a7Faiblesse, alcoolis\u00e9es, boissons, am\u00e9l\u00a0[2\/1].\n\nNOYAU\n\n1. Douleurs br\u00fblantes et \/ou coupantes avant, pendant et apr\u00e8s la miction. Miction goutte \u00e0 goutte.\n2. Sympt\u00f4mes v\u00e9sicaux &amp; d\u00e9sir sexuel exag\u00e9r\u00e9.\n3. &lt; Caf\u00e9; eau; objets brillants.\n4. Inflammations rapides et destructrices.\n5. Br\u00fblure violente et comportement violent.\n\nCantharis est donc valid\u00e9.\n\n&nbsp;\n\nJe vous laisse lire ses propos suite aux prises de Cantharis \u00a0:\t\t\t\t\t\t\t\t<\/div>\n\t\t\t\t<\/div>\n\t\t\t\t\t<\/div>\n\t\t<\/div>\n\t\t\t\t\t<\/div>\n\t\t<\/section>\n\t\t\t\t<\/div>\n\t\t","protected":false},"excerpt":{"rendered":"<p>Voyons maintenant un cas par\u00a0vid\u00e9o en ligne pour que vous puissiez voir que cela est identique \u00e0 une consultation en cabinet : &nbsp; Un patient me contacte car il souffre de nombreux d\u00e9sordres qu&#8217;ils&#46;&#46;&#46;<\/p>\n","protected":false},"author":1,"featured_media":0,"parent":0,"menu_order":0,"comment_status":"closed","ping_status":"closed","template":"","meta":{"footnotes":""},"class_list":["post-123","page","type-page","status-publish","hentry"],"jetpack_sharing_enabled":true,"_links":{"self":[{"href":"https:\/\/homeopathiepascaldumas.com\/accueil-nouveau\/wp-json\/wp\/v2\/pages\/123","targetHints":{"allow":["GET"]}}],"collection":[{"href":"https:\/\/homeopathiepascaldumas.com\/accueil-nouveau\/wp-json\/wp\/v2\/pages"}],"about":[{"href":"https:\/\/homeopathiepascaldumas.com\/accueil-nouveau\/wp-json\/wp\/v2\/types\/page"}],"author":[{"embeddable":true,"href":"https:\/\/homeopathiepascaldumas.com\/accueil-nouveau\/wp-json\/wp\/v2\/users\/1"}],"replies":[{"embeddable":true,"href":"https:\/\/homeopathiepascaldumas.com\/accueil-nouveau\/wp-json\/wp\/v2\/comments?post=123"}],"version-history":[{"count":4,"href":"https:\/\/homeopathiepascaldumas.com\/accueil-nouveau\/wp-json\/wp\/v2\/pages\/123\/revisions"}],"predecessor-version":[{"id":127,"href":"https:\/\/homeopathiepascaldumas.com\/accueil-nouveau\/wp-json\/wp\/v2\/pages\/123\/revisions\/127"}],"wp:attachment":[{"href":"https:\/\/homeopathiepascaldumas.com\/accueil-nouveau\/wp-json\/wp\/v2\/media?parent=123"}],"curies":[{"name":"wp","href":"https:\/\/api.w.org\/{rel}","templated":true}]}}