{"id":114,"date":"2023-03-07T21:02:40","date_gmt":"2023-03-07T21:02:40","guid":{"rendered":"https:\/\/www.homeopathiepascaldumas.com\/?page_id=114"},"modified":"2023-03-07T21:04:20","modified_gmt":"2023-03-07T21:04:20","slug":"solutions-du-cas-periostite","status":"publish","type":"page","link":"https:\/\/homeopathiepascaldumas.com\/accueil-nouveau\/solutions-du-cas-periostite\/","title":{"rendered":"Solutions du cas &#8220;P\u00e9riostite&#8221;"},"content":{"rendered":"\t\t<div data-elementor-type=\"wp-page\" data-elementor-id=\"114\" class=\"elementor elementor-114\" data-elementor-post-type=\"page\">\n\t\t\t\t\t\t<section class=\"elementor-section elementor-top-section elementor-element elementor-element-f73aaac elementor-section-boxed elementor-section-height-default elementor-section-height-default\" data-id=\"f73aaac\" data-element_type=\"section\" data-e-type=\"section\">\n\t\t\t\t\t\t<div class=\"elementor-container elementor-column-gap-default\">\n\t\t\t\t\t<div class=\"elementor-column elementor-col-100 elementor-top-column elementor-element elementor-element-332b6e8\" data-id=\"332b6e8\" data-element_type=\"column\" data-e-type=\"column\">\n\t\t\t<div class=\"elementor-widget-wrap elementor-element-populated\">\n\t\t\t\t\t\t<div class=\"elementor-element elementor-element-d2a590f elementor-widget elementor-widget-text-editor\" data-id=\"d2a590f\" data-element_type=\"widget\" data-e-type=\"widget\" data-widget_type=\"text-editor.default\">\n\t\t\t\t<div class=\"elementor-widget-container\">\n\t\t\t\t\t\t\t\t\t<p><br \/><br \/><!--StartFragment--><\/p>\n\n<p>Concernant le Rem\u00e8de 1, voici les signes que j&#8217;avais s\u00e9lectionn\u00e9 :<\/p>\n\n\n\n<p>La p\u00e9riostite si\u00e9geant depuis le d\u00e9part sur le tibia droit, cela devait \u00eatre un emplacement pr\u00e9f\u00e9renciel quant \u00e0 la recherche de r\u00e9pertorisation.<\/p>\n\n\n\n<p>Ensuite, il y avait cette sensation de bande qui enserrait la zone comme une grosse bague.<\/p>\n\n\n\n<p>La br\u00fblure si imposante et l&#8217;h\u00e9matome survenu comme apr\u00e8s un traumatisme.<\/p>\n\n\n\n<p>Et en dernier lieu, l&#8217;am\u00e9lioration quasi imm\u00e9diate \u00e0 la chaleur appliqu\u00e9e sur la zone.<\/p>\n\n\n\n<p>&nbsp;<\/p>\n\n\n\n<p>Cela donnait les rubriques suivantes :<\/p>\n\n\n\n<p>GENERAL \/ CONSTRICTION, Bande, sensation de<\/p>\n\n\n\n<p>GENERAL \/ TRAUMATISMES \/ extravasations avec<\/p>\n\n\n\n<p>GENERAL \/ Applications chaudes am\u00e9l<\/p>\n\n\n\n<p>MB \/ Douleur br\u00fblante \/ Membres \/ Jambe<\/p>\n\n\n\n<p>Sortait donc NUX VOMICA m\u00eame si la notion de br\u00fblure \u00e0 la jambe ne ressortait pas dans ce m\u00e9dicament, le reste concordait suffisamment pour l&#8217;indiquer.<\/p>\n\n\n\n<p>La notion de br\u00fblure au niveau du membre inf\u00e9rieur se retrouve au niveau de la hanche, du pied, des articulations et des orteils. Comme cette douleur br\u00fblante existe belle et bien dans d&#8217;autres localisations autres que la jambe ou le tibia, ce n&#8217;est pas \u00e9liminatoire pour ce m\u00e9dicament.<\/p>\n\n\n\n<p>&nbsp;<\/p>\n\n\n\n<p>Le rem\u00e8de 2 est plus subtil !<\/p>\n\n\n\n<p>Il a de forts points communs avec Nux-v car ils ont tous les deux 1 546 sympt\u00f4mes communs !<\/p>\n\n\n\n<p>Voici les signes que j&#8217;avais gard\u00e9 :<\/p>\n\n\n\n<p>La douleur br\u00fblante de la jambe droite, si\u00e8ge du probl\u00e8me.<\/p>\n\n\n\n<p>La lourdeur ressentie dans la zone quand je restait debout sans bouger.<\/p>\n\n\n\n<p>L&#8217;am\u00e9lioration en marchant lentement, au bout d&#8217;un petit moment.<\/p>\n\n\n\n<p>Ce qui donne en terme de r\u00e9pertorisation :<\/p>\n\n\n\n<p>MEMBRE \/ DOULEUR \/ Membre Inf \/ Jambe \/ droite<\/p>\n\n\n\n<p>MEMBRE \/ LOURDEUR \/ Membre Inf \/ Jambe<\/p>\n\n\n\n<p>MEMBRE \/ DOULEUR \/ Membre Inf \/ Jambe \/ debout, \u00e9tant<\/p>\n\n\n\n<p>G\u00c9N\u00c9RAL \/ MOUVEMENT \/ Am\u00e9l \/ Prolong\u00e9, am\u00e9l<\/p>\n\n\n\n<p>Ce qui donne AGARICUS.<\/p>\n\n\n\n<p>&nbsp;<\/p>\n\n\n\n<p>Maitenant passons \u00e0 une petite analyse, a posteriori d&#8217;Agaricus.<\/p>\n\n\n\n<p>Vous allez voir comme c&#8217;est beaucoup plus simple apr\u00e8s&#8230;<\/p>\n\n\n\n<p>&nbsp;<\/p>\n\n\n\n<p>Agaricus est un m\u00e9dicament hom\u00e9opathique provenant d&#8217;un champignon bien connu : l&#8217;amanite phallo\u00efde.<\/p>\n\n\n\n<p>Dans la materia viva de Vithoulkas, on peut lire que les engelures ont la couleur rouge bleut\u00e9, comme l&#8217;\u00e9tait ma jambe.<\/p>\n\n\n\n<p>Il est vrai qu&#8217;il n&#8217;y avait pas de douleurs ressemblant \u00e0 des aiguilles froides mais une aggravation tr\u00e8s importante \u00e0 tout contact avec le froid.<\/p>\n\n\n\n<p>On trouve aussi dans le Synoptic Vol 1, cette phrase : Douleur br\u00fblante, contuse dans les talons, \u00e9tant assis, debout ou marchant en plein air. Laquelle d\u00e9crit ais\u00e9ment ce qui \u00e9tait ressenti dans la jambe.<\/p>\n\n\n\n<p>Il est dit aussi que la douleur de la jambe est am\u00e9lior\u00e9e en marchant.<\/p>\n\n\n\n<p>Dingue non ?<\/p>\n\n\n\n<p>&nbsp;<\/p>\n\n\n\n<p>C&#8217;est l\u00e0 o\u00f9 l&#8217;on peut se dire que outre un aspect de m\u00e9decine moderne, l&#8217;hom\u00e9opathie n&#8217;en ait pas moins un art !<\/p>\n\n\n\n<p>&nbsp;<\/p>\n\n\n\n<p>Mais ce qu&#8217;il ne faut pas oublier, c&#8217;est qu&#8217;il faut, patient comme praticien, faire \u00e9quipe pour \u00eatre \u00e0 l&#8217;\u00e9coute, \u00e0 l\u2019aff\u00fbt de tout changement, car m\u00eame si le premier m\u00e9dicament pris n&#8217;est pas celui qui correspondrait parfaitement, la magie de l&#8217;hom\u00e9opathie et sa bont\u00e9, font que de nouveaux signes appara\u00eetront pour parvenir \u00e0 un rem\u00e8de plus pr\u00e9cis.<\/p>\n\n\n\n<p>&nbsp;<\/p>\n\n\n\n<p>Comme le disait le fondateur de l&#8217;hom\u00e9opathie, Samuel Hahnemann, la pers\u00e9v\u00e9rance est la cl\u00e9 !<\/p>\n\n<p><!--EndFragment--><br \/><br \/><\/p>\t\t\t\t\t\t\t\t<\/div>\n\t\t\t\t<\/div>\n\t\t\t\t\t<\/div>\n\t\t<\/div>\n\t\t\t\t\t<\/div>\n\t\t<\/section>\n\t\t\t\t<\/div>\n\t\t","protected":false},"excerpt":{"rendered":"<p>Concernant le Rem\u00e8de 1, voici les signes que j&#8217;avais s\u00e9lectionn\u00e9 : La p\u00e9riostite si\u00e9geant depuis le d\u00e9part sur le tibia droit, cela devait \u00eatre un emplacement pr\u00e9f\u00e9renciel quant \u00e0 la recherche de r\u00e9pertorisation. Ensuite,&#46;&#46;&#46;<\/p>\n","protected":false},"author":1,"featured_media":0,"parent":0,"menu_order":0,"comment_status":"closed","ping_status":"closed","template":"","meta":{"footnotes":""},"class_list":["post-114","page","type-page","status-publish","hentry"],"jetpack_sharing_enabled":true,"_links":{"self":[{"href":"https:\/\/homeopathiepascaldumas.com\/accueil-nouveau\/wp-json\/wp\/v2\/pages\/114","targetHints":{"allow":["GET"]}}],"collection":[{"href":"https:\/\/homeopathiepascaldumas.com\/accueil-nouveau\/wp-json\/wp\/v2\/pages"}],"about":[{"href":"https:\/\/homeopathiepascaldumas.com\/accueil-nouveau\/wp-json\/wp\/v2\/types\/page"}],"author":[{"embeddable":true,"href":"https:\/\/homeopathiepascaldumas.com\/accueil-nouveau\/wp-json\/wp\/v2\/users\/1"}],"replies":[{"embeddable":true,"href":"https:\/\/homeopathiepascaldumas.com\/accueil-nouveau\/wp-json\/wp\/v2\/comments?post=114"}],"version-history":[{"count":4,"href":"https:\/\/homeopathiepascaldumas.com\/accueil-nouveau\/wp-json\/wp\/v2\/pages\/114\/revisions"}],"predecessor-version":[{"id":118,"href":"https:\/\/homeopathiepascaldumas.com\/accueil-nouveau\/wp-json\/wp\/v2\/pages\/114\/revisions\/118"}],"wp:attachment":[{"href":"https:\/\/homeopathiepascaldumas.com\/accueil-nouveau\/wp-json\/wp\/v2\/media?parent=114"}],"curies":[{"name":"wp","href":"https:\/\/api.w.org\/{rel}","templated":true}]}}