{"id":104,"date":"2023-03-07T20:56:07","date_gmt":"2023-03-07T20:56:07","guid":{"rendered":"https:\/\/www.homeopathiepascaldumas.com\/?page_id=104"},"modified":"2023-03-07T20:58:38","modified_gmt":"2023-03-07T20:58:38","slug":"retablissement-de-la-sante-ou-panacee","status":"publish","type":"page","link":"https:\/\/homeopathiepascaldumas.com\/accueil-nouveau\/retablissement-de-la-sante-ou-panacee\/","title":{"rendered":"R\u00e9tablissement de la sant\u00e9 ou panac\u00e9e ?"},"content":{"rendered":"\t\t<div data-elementor-type=\"wp-page\" data-elementor-id=\"104\" class=\"elementor elementor-104\" data-elementor-post-type=\"page\">\n\t\t\t\t\t\t<section class=\"elementor-section elementor-top-section elementor-element elementor-element-c4e7c10 elementor-section-boxed elementor-section-height-default elementor-section-height-default\" data-id=\"c4e7c10\" data-element_type=\"section\" data-e-type=\"section\">\n\t\t\t\t\t\t<div class=\"elementor-container elementor-column-gap-default\">\n\t\t\t\t\t<div class=\"elementor-column elementor-col-100 elementor-top-column elementor-element elementor-element-74d06d7\" data-id=\"74d06d7\" data-element_type=\"column\" data-e-type=\"column\">\n\t\t\t<div class=\"elementor-widget-wrap elementor-element-populated\">\n\t\t\t\t\t\t<div class=\"elementor-element elementor-element-de296ed elementor-widget elementor-widget-text-editor\" data-id=\"de296ed\" data-element_type=\"widget\" data-e-type=\"widget\" data-widget_type=\"text-editor.default\">\n\t\t\t\t<div class=\"elementor-widget-container\">\n\t\t\t\t\t\t\t\t\t<strong><span style=\"font-family: verdana,geneva; font-size: medium; color: #800080;\">Quelle diff\u00e9rence y-a-t-il entre le fait de restaurer, r\u00e9tablir la sant\u00e9 et une panac\u00e9e ?<\/span><\/strong>\n\n<span style=\"font-family: verdana,geneva; font-size: medium;\">\u00a0<\/span>\n\n<span style=\"font-family: verdana,geneva; font-size: medium;\">\u00a0Le concept de panac\u00e9e est un m\u00e9dicament qui serait donn\u00e9 ou pris et qui ferait dispara\u00eetre tous les troubles d&#8217;un seul coup d&#8217;un seul.<\/span>\n\n<span style=\"font-family: verdana,geneva; font-size: medium;\">Vous imaginez bien que cela rev\u00eat d&#8217;une id\u00e9e magique, irr\u00e9alisable.<\/span>\n\n<span style=\"font-family: verdana,geneva; font-size: medium;\">Bien que cela puisse \u00eatre agr\u00e9able \u00e0 l&#8217;esprit ce n&#8217;est qu&#8217;une douce illusion.<\/span>\n\n<span style=\"font-family: verdana,geneva; font-size: medium;\">\u00a0Mais celle-ci a des retentissements terribles car elle emp\u00eache par son \u00e9cran de fum\u00e9e ; d&#8217;acc\u00e9der \u00e0 la restauration r\u00e9elle de la sant\u00e9.<\/span>\n\n<span style=\"font-family: verdana,geneva; font-size: medium;\">\u00a0Car il faut bel et bien parler de \u00ab\u00a0<span style=\"text-decoration: underline; color: #000080;\"><b>r\u00e9tablissement de la sant\u00e9<\/b><\/span>\u00a0\u00bb, tel que le fondateur de l&#8217;hom\u00e9opathie, Samuel Hahnemann l&#8217;a \u00e9dict\u00e9.<\/span>\n\n<span style=\"font-family: verdana,geneva; font-size: medium;\">\u00a0<\/span>\n\n<span style=\"font-family: verdana,geneva; font-size: medium;\">Mais pourquoi, me direz-vous, parler de \u00ab\u00a0r\u00e9tablissement de la sant\u00e9\u00a0\u00bb et non pas d&#8217;\u00eatre en bonne sant\u00e9 ?<\/span>\n\n<span style=\"font-family: verdana,geneva; font-size: medium;\">La raison est simple : votre \u00e9tat actuel provient d&#8217;un d\u00e9r\u00e8glement \u00e9nerg\u00e9tique qui a d\u00e9but\u00e9 il y a bien longtemps, d\u00e9butant par quelques signes sans importance et qui a perdur\u00e9, s&#8217;est amplifi\u00e9 avec le temps.<\/span>\n\n&nbsp;\n\n<span style=\"font-family: verdana,geneva; font-size: medium;\">Or, cette d\u00e9gradation a touch\u00e9 les plans physique, peut-\u00eatre \u00e9motionnel et mental mais ne s&#8217;est pas am\u00e9lior\u00e9e mais accentu\u00e9e, aggrav\u00e9e.<\/span>\n\n<span style=\"font-family: verdana,geneva; font-size: medium;\">\u00a0<\/span>\n\n<span style=\"font-family: verdana,geneva; font-size: medium;\">C&#8217;est l\u00e0 qu&#8217;intervient la notion de \u00ab\u00a0r\u00e9tablir la sant\u00e9\u00a0\u00bb par un retour en arri\u00e8re, une restauration de votre niveau d&#8217;\u00e9nergie.<\/span>\n\n<span style=\"font-family: verdana,geneva; font-size: medium;\">Cela ne peut se faire, de fa\u00e7on logique et s&#8217;appuyant sur des lois, que par l&#8217;hom\u00e9opathie uniciste.<\/span>\n\n<span style=\"font-family: verdana,geneva; font-size: medium;\">Car elle est la seule qui permet de choisir un rem\u00e8de et un seul qui vous est adapt\u00e9 dans votre int\u00e9gralit\u00e9 (physique + \u00e9motionnel + mental) du moment et de pr\u00e9voir comment vous allez \u00e9voluer.<\/span>\n\n<span style=\"font-family: verdana,geneva; font-size: medium;\">\u00a0<\/span>\n<p style=\"text-align: center;\"><a href=\"http:\/\/homeopathieunicistepascaldumasnice.o.h.f.unblog.fr\/files\/2014\/09\/mikado_couches.jpg\"><img fetchpriority=\"high\" decoding=\"async\" class=\"alignnone size-full wp-image-19\" src=\"http:\/\/homeopathieunicistepascaldumasnice.o.h.f.unblog.fr\/files\/2014\/09\/mikado_couches.jpg\" alt=\"Mikado_couches\" width=\"245\" height=\"245\" \/><\/a><\/p>\n<span style=\"font-family: verdana,geneva; font-size: medium;\">\u00a0<\/span>\n\n<span style=\"font-family: verdana,geneva; font-size: medium;\">Supposons que vous soyez atteint d&#8217;une affection chronique depuis 15 ans.<\/span>\n\n<span style=\"font-family: verdana,geneva; font-size: medium;\">Certainement qu&#8217;il s&#8217;est pass\u00e9 d&#8217;autres choses depuis, jusqu&#8217;\u00e0 aujourd&#8217;hui, qui ont d\u00e9pos\u00e9 d&#8217;autres \u00ab\u00a0baguettes\u00a0\u00bb sur la couche du d\u00e9part de votre affection.<\/span>\n\n<span style=\"font-family: verdana,geneva; font-size: medium;\">\u00a0<\/span>\n\n<span style=\"font-family: verdana,geneva; font-size: medium;\">Il faut alors \u00ab\u00a0retirer\u00a0\u00bb les baguettes les plus r\u00e9centes pour acc\u00e9der et lib\u00e9rer les plus anciennes.<\/span>\n\n<span style=\"font-family: verdana,geneva; font-size: medium;\">C&#8217;est pour cela que l&#8217;on dit que vous rentrez sur le <span style=\"text-decoration: underline; color: #000080;\"><b>chemin de la gu\u00e9rison<\/b><\/span>&#8230;dans le sens inverse de l&#8217;apparition de vos affections.<\/span>\n\n<span style=\"font-family: verdana,geneva; font-size: medium;\">Et pour \u00eatre gu\u00e9ri, parfois cela demande <strong><span style=\"color: #008080;\">PATIENCE<\/span><\/strong> et <\/span><strong><span style=\"font-family: verdana,geneva; font-size: medium; color: #008080;\">PERS\u00c9V\u00c9RANCE<\/span><\/strong>\n\n<span style=\"font-family: verdana,geneva; font-size: medium;\">de la part du patient mais aussi du praticien en Hom\u00e9opathique Classique Uniciste car il forment tous deux une \u00e9quipe de soin pour votre propre sant\u00e9 !<\/span>\n\n&nbsp;\n<p style=\"text-align: right;\"><a href=\"http:\/\/homeopathieunicistepascaldumasnice.o.h.f.unblog.fr\/files\/2014\/09\/guerison.jpg\"><img decoding=\"async\" class=\"alignnone size-full wp-image-20\" src=\"http:\/\/homeopathieunicistepascaldumasnice.o.h.f.unblog.fr\/files\/2014\/09\/guerison.jpg\" alt=\"gu\u00e9rison\" width=\"181\" height=\"120\" \/><\/a><\/p>\t\t\t\t\t\t\t\t<\/div>\n\t\t\t\t<\/div>\n\t\t\t\t\t<\/div>\n\t\t<\/div>\n\t\t\t\t\t<\/div>\n\t\t<\/section>\n\t\t\t\t<\/div>\n\t\t","protected":false},"excerpt":{"rendered":"<p>Quelle diff\u00e9rence y-a-t-il entre le fait de restaurer, r\u00e9tablir la sant\u00e9 et une panac\u00e9e ? \u00a0 \u00a0Le concept de panac\u00e9e est un m\u00e9dicament qui serait donn\u00e9 ou pris et qui ferait dispara\u00eetre tous les&#46;&#46;&#46;<\/p>\n","protected":false},"author":1,"featured_media":0,"parent":0,"menu_order":0,"comment_status":"closed","ping_status":"closed","template":"","meta":{"footnotes":""},"class_list":["post-104","page","type-page","status-publish","hentry"],"jetpack_sharing_enabled":true,"_links":{"self":[{"href":"https:\/\/homeopathiepascaldumas.com\/accueil-nouveau\/wp-json\/wp\/v2\/pages\/104","targetHints":{"allow":["GET"]}}],"collection":[{"href":"https:\/\/homeopathiepascaldumas.com\/accueil-nouveau\/wp-json\/wp\/v2\/pages"}],"about":[{"href":"https:\/\/homeopathiepascaldumas.com\/accueil-nouveau\/wp-json\/wp\/v2\/types\/page"}],"author":[{"embeddable":true,"href":"https:\/\/homeopathiepascaldumas.com\/accueil-nouveau\/wp-json\/wp\/v2\/users\/1"}],"replies":[{"embeddable":true,"href":"https:\/\/homeopathiepascaldumas.com\/accueil-nouveau\/wp-json\/wp\/v2\/comments?post=104"}],"version-history":[{"count":4,"href":"https:\/\/homeopathiepascaldumas.com\/accueil-nouveau\/wp-json\/wp\/v2\/pages\/104\/revisions"}],"predecessor-version":[{"id":108,"href":"https:\/\/homeopathiepascaldumas.com\/accueil-nouveau\/wp-json\/wp\/v2\/pages\/104\/revisions\/108"}],"wp:attachment":[{"href":"https:\/\/homeopathiepascaldumas.com\/accueil-nouveau\/wp-json\/wp\/v2\/media?parent=104"}],"curies":[{"name":"wp","href":"https:\/\/api.w.org\/{rel}","templated":true}]}}