{"id":100,"date":"2023-03-07T20:35:59","date_gmt":"2023-03-07T20:35:59","guid":{"rendered":"https:\/\/www.homeopathiepascaldumas.com\/?page_id=100"},"modified":"2023-03-07T20:38:22","modified_gmt":"2023-03-07T20:38:22","slug":"psoriasis","status":"publish","type":"page","link":"https:\/\/homeopathiepascaldumas.com\/accueil-nouveau\/psoriasis\/","title":{"rendered":"Psoriasis"},"content":{"rendered":"\t\t<div data-elementor-type=\"wp-page\" data-elementor-id=\"100\" class=\"elementor elementor-100\" data-elementor-post-type=\"page\">\n\t\t\t\t\t\t<section class=\"elementor-section elementor-top-section elementor-element elementor-element-162ae86 elementor-section-boxed elementor-section-height-default elementor-section-height-default\" data-id=\"162ae86\" data-element_type=\"section\" data-e-type=\"section\">\n\t\t\t\t\t\t<div class=\"elementor-container elementor-column-gap-default\">\n\t\t\t\t\t<div class=\"elementor-column elementor-col-100 elementor-top-column elementor-element elementor-element-85bae6c\" data-id=\"85bae6c\" data-element_type=\"column\" data-e-type=\"column\">\n\t\t\t<div class=\"elementor-widget-wrap elementor-element-populated\">\n\t\t\t\t\t\t<div class=\"elementor-element elementor-element-7613590 elementor-widget elementor-widget-text-editor\" data-id=\"7613590\" data-element_type=\"widget\" data-e-type=\"widget\" data-widget_type=\"text-editor.default\">\n\t\t\t\t<div class=\"elementor-widget-container\">\n\t\t\t\t\t\t\t\t\t<div><script>\n.stripe-button { background-color: #ffcc00; border: 2px solid #004080; border-radius: 1.25em; box-shadow: none; color: #ffffff; cursor: pointer; display: inline-block; font-size: 1em; font-weight: bold; height: 2.5em; line-height: 2.5; margin: 0 0 0.5em 0; opacity: 0.9; padding: 0 1em; }\n\n.stripe-button:hover { opacity: 1; }\n<\/script><\/div>\n<p><\/p>\n<p>Vous \u00eates atteint(e) de psoriasis ?<\/p>\n<p><\/p>\n<p><\/p>\n<p>Il peut rev\u00eatir diverses formes, affectant la peau mais pas que&#8230;<\/p>\n<p><\/p>\n<p><\/p>\n<p>Car il peut aussi \u00eatre rhumatologique..<\/p>\n<p><\/p>\n<p><\/p>\n<p><\/p>\n<p><\/p>\n<p>Bref c&#8217;est une affection chronique qui peut \u00eatre invalidante, tr\u00e8s invalidante.<\/p>\n<p><\/p>\n<p><\/p>\n<p><\/p>\n<p><\/p>\n<p>Mais tr\u00e8s certainement, que si vous \u00eates sur cette page, c&#8217;est que vous avez d\u00e9j\u00e0 tent\u00e9 plusieurs choses.<\/p>\n<p><\/p>\n<p><\/p>\n<p><\/p>\n<p><\/p>\n<p>Entre les d\u00e9mangeaisons, les saignements, l&#8217;extension des squames, vous en avez marre de ce d\u00e9bordement cellulaire.<\/p>\n<p><\/p>\n<p><\/p>\n<p>Alors que diriez-vous de trouver une solution hom\u00e9opathique ?<\/p>\n<p><\/p>\n<p><\/p>\n<p>Non, en fait pas une solution, mais VOTRE SOLUTION PERSONNELLE hom\u00e9opathique.<\/p>\n<p>&nbsp;<\/p>\n<p>Imaginez retrouver une peau belle, douce au toucher, comme rajeunie ?&nbsp;<\/p>\n<p>Vous pouvez sentir la caresse de votre main sur cette peau qui \u00e9tait auparavant meurtrie ?&nbsp;<\/p>\n<p>Et l\u00e0, un effet velours sur cette sp\u00e8re cutan\u00e9e retrouv\u00e9e..<\/p>\n<p>&nbsp;<\/p>\n<p>Vous en r\u00eavez ?&nbsp;<\/p>\n<p>&nbsp;<\/p>\n<p>Alors, il faut que vous passiez \u00e0 l&#8217;hom\u00e9opathie uniciste.&nbsp;<\/p>\n<p>&nbsp;<\/p>\n<p><\/p>\n<p><\/p>\n<p><\/p>\n<p><\/p>\n<p><\/p>\n<p><\/p>\n<p>Je suis s\u00fbr que vous ne saviez pas que le psoriasis peut se traiter et SE GUERIR !<\/p>\n<p>&nbsp;<\/p>\n<p>Vous ne me croyez pas ?&nbsp;<\/p>\n<p>&nbsp;<\/p>\n<p>Une preuve par des images de personne trait\u00e9e, \u00e7a vous dirait ?&nbsp;<\/p>\n<p>&nbsp;<\/p>\n<p>Regardez donc !&nbsp;<\/p>\n<p>&nbsp;<\/p>\n<p><\/p>\n<p><\/p>\n<p><\/p>\n<p><\/p>\n<p>Voici la r\u00e9alit\u00e9 de ce qu&#8217;il est possible de faire comme r\u00e9sultat !<\/p>\n<p><\/p>\n<p><\/p>\n<p><\/p>\n<p><\/p>\n<p>Avant :<\/p>\n<p>&nbsp;<\/p>\n<p><img decoding=\"async\" class=\"size-medium wp-image-1029 alignleft\" src=\"https:\/\/www.homeopathiepascaldumas.com\/wp-content\/uploads\/2018\/08\/Pso1_5-300x169.jpg\" alt=\"\" width=\"200\" height=\"113\">&nbsp; <img decoding=\"async\" class=\"alignright size-medium wp-image-1028\" src=\"https:\/\/www.homeopathiepascaldumas.com\/wp-content\/uploads\/2018\/08\/Pso1_4-e1535623921795-300x169.jpg\" alt=\"\" width=\"200\" height=\"113\"><\/p>\n<p>&nbsp;<\/p>\n<p>&nbsp;<\/p>\n<p>&nbsp;<\/p>\n<p>&nbsp;<\/p>\n<p>Pendant le traitement, le pso s&#8217;\u00e9tend, ce qui est normal et de bon aloi.<\/p>\n<p>Pourquoi ?&nbsp;<\/p>\n<p>Parce que le pso, se doit de sortir des couches profondes de la peau, jusqu&#8217;en superficie.<\/p>\n<p><img decoding=\"async\" class=\"size-medium wp-image-1030 alignleft\" src=\"https:\/\/www.homeopathiepascaldumas.com\/wp-content\/uploads\/2018\/08\/Pso2_1-300x169.jpg\" alt=\"\" width=\"200\" height=\"113\"><\/p>\n<p><img loading=\"lazy\" decoding=\"async\" class=\"alignright size-medium wp-image-1032\" src=\"https:\/\/www.homeopathiepascaldumas.com\/wp-content\/uploads\/2018\/08\/Pso2_3-e1535624259343-300x169.jpg\" alt=\"\" width=\"200\" height=\"113\"><\/p>\n<p>&nbsp;<\/p>\n<p>&nbsp;<\/p>\n<p>&nbsp;<\/p>\n<p>&nbsp;<\/p>\n<p>Cela signe la profonde am\u00e9lioration que l&#8217;on peut attendre&#8230;<\/p>\n<p>Regardez par vous-m\u00eame :&nbsp;<\/p>\n<p><img loading=\"lazy\" decoding=\"async\" class=\"size-medium wp-image-1036 alignleft\" src=\"https:\/\/www.homeopathiepascaldumas.com\/wp-content\/uploads\/2018\/08\/Pso4_3-e1535624332718-300x169.jpg\" alt=\"\" width=\"200\" height=\"113\"><\/p>\n<p><img loading=\"lazy\" decoding=\"async\" class=\"alignright size-medium wp-image-1035\" src=\"https:\/\/www.homeopathiepascaldumas.com\/wp-content\/uploads\/2018\/08\/Pso4_2-300x169.jpg\" alt=\"\" width=\"200\" height=\"113\"><\/p>\n<p>&nbsp;<\/p>\n<p>&nbsp;<\/p>\n<p>&nbsp;<\/p>\n<p>&nbsp;<\/p>\n<p>&nbsp;<\/p>\n<p>Les nouvelles de la patiente sont excellentes car elle n&#8217;a plus rien.<\/p>\n<p>&nbsp;<\/p>\n<p><strong>Et \u00e0 chaque fois, il se passe la m\u00eame chose !<\/strong><\/p>\n<p>&nbsp;<\/p>\n<p>Il y a une chose qu&#8217;il faut que vous sachiez.<\/p>\n<p>&nbsp;<\/p>\n<p><strong>Plus on attend<\/strong>, plus le <span style=\"color: #ff0000;\"><em><strong>psoriasis s&#8217;installe en profondeur, se chronicise.<\/strong><\/em><\/span><\/p>\n<p>Il serait plus difficile \u00e0 parvenir \u00e0 le faire dispara\u00eetre.&nbsp;<\/p>\n<p>&nbsp;<\/p>\n<p>Ne perdez plus de temps avant qu&#8217;il ne soit trop tard !&nbsp;<\/p>\n<p>&nbsp;<\/p>\n<p>Si vous attendez encore, il sera peut-\u00eatre trop tard !&nbsp;<\/p>\n<p>&nbsp;<\/p>\n<p>Prenez RENDEZ-VOUS maintenant pour vous d\u00e9barrasser de votre psoriasis.&nbsp;<\/p>\n<p>&nbsp;<\/p>\t\t\t\t\t\t\t\t<\/div>\n\t\t\t\t<\/div>\n\t\t\t\t\t<\/div>\n\t\t<\/div>\n\t\t\t\t\t<\/div>\n\t\t<\/section>\n\t\t\t\t<\/div>\n\t\t","protected":false},"excerpt":{"rendered":"<p>Vous \u00eates atteint(e) de psoriasis ? Il peut rev\u00eatir diverses formes, affectant la peau mais pas que&#8230; Car il peut aussi \u00eatre rhumatologique.. Bref c&#8217;est une affection chronique qui peut \u00eatre invalidante, tr\u00e8s invalidante.&#46;&#46;&#46;<\/p>\n","protected":false},"author":1,"featured_media":0,"parent":0,"menu_order":0,"comment_status":"closed","ping_status":"closed","template":"","meta":{"footnotes":""},"class_list":["post-100","page","type-page","status-publish","hentry"],"jetpack_sharing_enabled":true,"_links":{"self":[{"href":"https:\/\/homeopathiepascaldumas.com\/accueil-nouveau\/wp-json\/wp\/v2\/pages\/100","targetHints":{"allow":["GET"]}}],"collection":[{"href":"https:\/\/homeopathiepascaldumas.com\/accueil-nouveau\/wp-json\/wp\/v2\/pages"}],"about":[{"href":"https:\/\/homeopathiepascaldumas.com\/accueil-nouveau\/wp-json\/wp\/v2\/types\/page"}],"author":[{"embeddable":true,"href":"https:\/\/homeopathiepascaldumas.com\/accueil-nouveau\/wp-json\/wp\/v2\/users\/1"}],"replies":[{"embeddable":true,"href":"https:\/\/homeopathiepascaldumas.com\/accueil-nouveau\/wp-json\/wp\/v2\/comments?post=100"}],"version-history":[{"count":3,"href":"https:\/\/homeopathiepascaldumas.com\/accueil-nouveau\/wp-json\/wp\/v2\/pages\/100\/revisions"}],"predecessor-version":[{"id":103,"href":"https:\/\/homeopathiepascaldumas.com\/accueil-nouveau\/wp-json\/wp\/v2\/pages\/100\/revisions\/103"}],"wp:attachment":[{"href":"https:\/\/homeopathiepascaldumas.com\/accueil-nouveau\/wp-json\/wp\/v2\/media?parent=100"}],"curies":[{"name":"wp","href":"https:\/\/api.w.org\/{rel}","templated":true}]}}